{"id":764,"date":"2017-01-25T10:23:07","date_gmt":"2017-01-25T09:23:07","guid":{"rendered":"https:\/\/test.v33.be\/marque-v33\/"},"modified":"2026-02-23T10:26:27","modified_gmt":"2026-02-23T09:26:27","slug":"merk-v33-2","status":"publish","type":"page","link":"https:\/\/www.v33.be\/nl\/merk-v33-2\/","title":{"rendered":"Merk V33"},"content":{"rendered":"\t\t<div data-elementor-type=\"wp-page\" data-elementor-id=\"764\" class=\"elementor elementor-764 elementor-17\">\n\t\t\t\t\t\t<section class=\"elementor-section elementor-top-section elementor-element elementor-element-1698bcc5 elementor-section-boxed elementor-section-height-default elementor-section-height-default\" data-id=\"1698bcc5\" data-element_type=\"section\">\n\t\t\t\t\t\t<div class=\"elementor-container elementor-column-gap-default\">\n\t\t\t\t\t<div class=\"elementor-column elementor-col-100 elementor-top-column elementor-element elementor-element-2507bbeb\" data-id=\"2507bbeb\" data-element_type=\"column\">\n\t\t\t<div class=\"elementor-widget-wrap elementor-element-populated\">\n\t\t\t\t\t\t<div class=\"elementor-element elementor-element-7281389e elementor-widget elementor-widget-text-editor\" data-id=\"7281389e\" data-element_type=\"widget\" data-widget_type=\"text-editor.default\">\n\t\t\t\t<div class=\"elementor-widget-container\">\n\t\t\t\t\t\t\t<h2 class=\"img-shade fadeInUp animated\"><span style=\"color: inherit; font-family: 'Open Sans', sans-serif; font-size: 37px;\">PLUS QU&#8217;UN EXPERT EN PEINTURES ET PRODUITS POUR LE BOIS&#8230;<\/span><\/h2>\r\n<h2><span class=\"red-v33\">UN FABRICANT DE\r\nQUALIT\u00c9 DE VIE<\/span><\/h2>\r\nDerri\u00e8re chaque projet d\u2019embellissement ou de r\u00e9novation de la maison, s\u2019exprime la volont\u00e9 de mieux vivre. Chez V33, nous en sommes bien conscients. Tout comme nous mesurons pleinement notre r\u00f4le dans la r\u00e9ussite de vos travaux. C\u2019est pourquoi, plus qu\u2019un expert en produits pour le bois et en peintures. V33 entend \u00eatre pour vous un fabricant de qualit\u00e9 de vie, qui contribue \u00e0 am\u00e9liorer concr\u00e8tement votre bien-\u00eatre.\t\t\t\t\t\t<\/div>\n\t\t\t\t<\/div>\n\t\t\t\t\t<\/div>\n\t\t<\/div>\n\t\t\t\t\t<\/div>\n\t\t<\/section>\n\t\t\t\t<\/div>\n\t\t","protected":false},"excerpt":{"rendered":"<p>MEER DAN EEN EXPERT IN VERVEN EN HOUTPRODUCTEN&#8230; EEN AANBIEDER VAN LEVENSKWALITEIT Beter leven: die wens ligt aan de basis van elk verfraaiingsproject en elke renovatie van een woning. Bij V33 zijn we ons daar terdege van bewust. Ook beseffen we hoe belangrijk onze producten zijn voor het succes van uw project. Daarom zijn we [&hellip;]<\/p>\n","protected":false},"author":1,"featured_media":0,"parent":0,"menu_order":1,"comment_status":"closed","ping_status":"closed","template":"page-templates\/page-marque.php","meta":{"pgc_meta":"","rank_math_lock_modified_date":false,"footnotes":""},"acf":[],"pgc_meta":"","_links":{"self":[{"href":"https:\/\/www.v33.be\/nl\/wp-json\/wp\/v2\/pages\/764"}],"collection":[{"href":"https:\/\/www.v33.be\/nl\/wp-json\/wp\/v2\/pages"}],"about":[{"href":"https:\/\/www.v33.be\/nl\/wp-json\/wp\/v2\/types\/page"}],"author":[{"embeddable":true,"href":"https:\/\/www.v33.be\/nl\/wp-json\/wp\/v2\/users\/1"}],"replies":[{"embeddable":true,"href":"https:\/\/www.v33.be\/nl\/wp-json\/wp\/v2\/comments?post=764"}],"version-history":[{"count":0,"href":"https:\/\/www.v33.be\/nl\/wp-json\/wp\/v2\/pages\/764\/revisions"}],"wp:attachment":[{"href":"https:\/\/www.v33.be\/nl\/wp-json\/wp\/v2\/media?parent=764"}],"curies":[{"name":"wp","href":"https:\/\/api.w.org\/{rel}","templated":true}]}}