{"id":3791,"date":"2020-01-22T14:43:58","date_gmt":"2020-01-22T13:43:58","guid":{"rendered":"https:\/\/test.v33.be\/?page_id=3791"},"modified":"2023-01-18T16:24:14","modified_gmt":"2023-01-18T15:24:14","slug":"veiligheidsfiches-houtlak-deuren-ramen","status":"publish","type":"page","link":"https:\/\/www.v33.be\/nl\/veiligheidsfiches-houtlak-deuren-ramen\/","title":{"rendered":"Veiligheidsfiches Houtlak Deuren &#038; Ramen"},"content":{"rendered":"\t\t<div data-elementor-type=\"wp-page\" data-elementor-id=\"3791\" class=\"elementor elementor-3791 elementor-3781\">\n\t\t\t\t\t\t<section class=\"elementor-section elementor-top-section elementor-element elementor-element-c972684 elementor-section-boxed elementor-section-height-default elementor-section-height-default\" data-id=\"c972684\" data-element_type=\"section\">\n\t\t\t\t\t\t<div class=\"elementor-container elementor-column-gap-default\">\n\t\t\t\t\t<div class=\"elementor-column elementor-col-50 elementor-top-column elementor-element elementor-element-75c1d11\" data-id=\"75c1d11\" data-element_type=\"column\">\n\t\t\t<div class=\"elementor-widget-wrap elementor-element-populated\">\n\t\t\t\t\t\t<div class=\"elementor-element elementor-element-953c2cf elementor-widget elementor-widget-image\" data-id=\"953c2cf\" data-element_type=\"widget\" data-widget_type=\"image.default\">\n\t\t\t\t<div class=\"elementor-widget-container\">\n\t\t\t\t\t\t\t\t\t\t\t\t\t<img fetchpriority=\"high\" decoding=\"async\" width=\"300\" height=\"300\" src=\"https:\/\/www.v33.be\/wp-content\/uploads\/2018\/09\/G\u00e9n\u00e9rique-Peinture-Portes-et-ch\u00e2ssis-25L-300x300.png\" class=\"attachment-medium size-medium wp-image-1193\" alt=\"Peinture Portes et Ch\u00e2ssis\" srcset=\"https:\/\/www.v33.be\/wp-content\/uploads\/2018\/09\/G\u00e9n\u00e9rique-Peinture-Portes-et-ch\u00e2ssis-25L-300x300.png 300w, https:\/\/www.v33.be\/wp-content\/uploads\/2018\/09\/G\u00e9n\u00e9rique-Peinture-Portes-et-ch\u00e2ssis-25L-150x150.png 150w, https:\/\/www.v33.be\/wp-content\/uploads\/2018\/09\/G\u00e9n\u00e9rique-Peinture-Portes-et-ch\u00e2ssis-25L-768x768.png 768w, https:\/\/www.v33.be\/wp-content\/uploads\/2018\/09\/G\u00e9n\u00e9rique-Peinture-Portes-et-ch\u00e2ssis-25L-60x60.png 60w, https:\/\/www.v33.be\/wp-content\/uploads\/2018\/09\/G\u00e9n\u00e9rique-Peinture-Portes-et-ch\u00e2ssis-25L-40x40.png 40w, https:\/\/www.v33.be\/wp-content\/uploads\/2018\/09\/G\u00e9n\u00e9rique-Peinture-Portes-et-ch\u00e2ssis-25L-48x48.png 48w, https:\/\/www.v33.be\/wp-content\/uploads\/2018\/09\/G\u00e9n\u00e9rique-Peinture-Portes-et-ch\u00e2ssis-25L-250x250.png 250w, https:\/\/www.v33.be\/wp-content\/uploads\/2018\/09\/G\u00e9n\u00e9rique-Peinture-Portes-et-ch\u00e2ssis-25L-550x550.png 550w, https:\/\/www.v33.be\/wp-content\/uploads\/2018\/09\/G\u00e9n\u00e9rique-Peinture-Portes-et-ch\u00e2ssis-25L.png 800w, https:\/\/www.v33.be\/wp-content\/uploads\/2018\/09\/G\u00e9n\u00e9rique-Peinture-Portes-et-ch\u00e2ssis-25L-180x180.png 180w, https:\/\/www.v33.be\/wp-content\/uploads\/2018\/09\/G\u00e9n\u00e9rique-Peinture-Portes-et-ch\u00e2ssis-25L-500x500.png 500w\" sizes=\"(max-width: 300px) 100vw, 300px\" \/>\t\t\t\t\t\t\t\t\t\t\t\t\t<\/div>\n\t\t\t\t<\/div>\n\t\t\t\t\t<\/div>\n\t\t<\/div>\n\t\t\t\t<div class=\"elementor-column elementor-col-50 elementor-top-column elementor-element elementor-element-9f60d63\" data-id=\"9f60d63\" data-element_type=\"column\">\n\t\t\t<div class=\"elementor-widget-wrap elementor-element-populated\">\n\t\t\t\t\t\t<div class=\"elementor-element elementor-element-bc4b83c elementor-widget elementor-widget-spacer\" data-id=\"bc4b83c\" data-element_type=\"widget\" data-widget_type=\"spacer.default\">\n\t\t\t\t<div class=\"elementor-widget-container\">\n\t\t\t\t\t<div class=\"elementor-spacer\">\n\t\t\t<div class=\"elementor-spacer-inner\"><\/div>\n\t\t<\/div>\n\t\t\t\t<\/div>\n\t\t\t\t<\/div>\n\t\t\t\t<div class=\"elementor-element elementor-element-c95dcf3 elementor-widget elementor-widget-text-editor\" data-id=\"c95dcf3\" data-element_type=\"widget\" data-widget_type=\"text-editor.default\">\n\t\t\t\t<div class=\"elementor-widget-container\">\n\t\t\t\t\t\t\t<p><em>De veiligheidsinformatiebladen worden continu bijgewerkt met de meest actuele informatie. Ze zijn beschikbaar voor elk formaat en kleur.<br \/>De versie en datum van de laatste update worden in de rechterbovenhoek van elke pagina weergegeven.<br \/>De downloaddatum wordt automatisch toegevoegd in de linkerbenedenhoek van elke pagina. Deze datum getuigt van de geldigheid van de informatie ten tijde van uw consultatie.<\/em><\/p>\t\t\t\t\t\t<\/div>\n\t\t\t\t<\/div>\n\t\t\t\t\t<\/div>\n\t\t<\/div>\n\t\t\t\t\t<\/div>\n\t\t<\/section>\n\t\t\t\t<section class=\"elementor-section elementor-top-section elementor-element elementor-element-ffbba12 elementor-section-boxed elementor-section-height-default elementor-section-height-default\" data-id=\"ffbba12\" data-element_type=\"section\">\n\t\t\t\t\t\t<div class=\"elementor-container elementor-column-gap-default\">\n\t\t\t\t\t<div class=\"elementor-column elementor-col-25 elementor-top-column elementor-element elementor-element-d344210\" data-id=\"d344210\" data-element_type=\"column\">\n\t\t\t<div class=\"elementor-widget-wrap\">\n\t\t\t\t\t\t\t<\/div>\n\t\t<\/div>\n\t\t\t\t<div class=\"elementor-column elementor-col-25 elementor-top-column elementor-element elementor-element-acf78a6\" data-id=\"acf78a6\" data-element_type=\"column\">\n\t\t\t<div class=\"elementor-widget-wrap elementor-element-populated\">\n\t\t\t\t\t\t<div class=\"elementor-element elementor-element-0cd0c7c elementor-widget elementor-widget-heading\" data-id=\"0cd0c7c\" data-element_type=\"widget\" data-widget_type=\"heading.default\">\n\t\t\t\t<div class=\"elementor-widget-container\">\n\t\t\t<h2 class=\"elementor-heading-title elementor-size-default\">NL<\/h2>\t\t<\/div>\n\t\t\t\t<\/div>\n\t\t\t\t\t<\/div>\n\t\t<\/div>\n\t\t\t\t<div class=\"elementor-column elementor-col-25 elementor-top-column elementor-element elementor-element-c43bc9d\" data-id=\"c43bc9d\" data-element_type=\"column\">\n\t\t\t<div class=\"elementor-widget-wrap elementor-element-populated\">\n\t\t\t\t\t\t<div class=\"elementor-element elementor-element-cc54baa elementor-widget elementor-widget-heading\" data-id=\"cc54baa\" data-element_type=\"widget\" data-widget_type=\"heading.default\">\n\t\t\t\t<div class=\"elementor-widget-container\">\n\t\t\t<h2 class=\"elementor-heading-title elementor-size-default\">FR<\/h2>\t\t<\/div>\n\t\t\t\t<\/div>\n\t\t\t\t\t<\/div>\n\t\t<\/div>\n\t\t\t\t<div class=\"elementor-column elementor-col-25 elementor-top-column elementor-element elementor-element-c67abc4\" data-id=\"c67abc4\" data-element_type=\"column\">\n\t\t\t<div class=\"elementor-widget-wrap elementor-element-populated\">\n\t\t\t\t\t\t<div class=\"elementor-element elementor-element-5cd4a8a elementor-widget elementor-widget-heading\" data-id=\"5cd4a8a\" data-element_type=\"widget\" data-widget_type=\"heading.default\">\n\t\t\t\t<div class=\"elementor-widget-container\">\n\t\t\t<h2 class=\"elementor-heading-title elementor-size-default\">DE<\/h2>\t\t<\/div>\n\t\t\t\t<\/div>\n\t\t\t\t\t<\/div>\n\t\t<\/div>\n\t\t\t\t\t<\/div>\n\t\t<\/section>\n\t\t\t\t<section class=\"elementor-section elementor-top-section elementor-element elementor-element-ea52e1a elementor-section-boxed elementor-section-height-default elementor-section-height-default\" data-id=\"ea52e1a\" data-element_type=\"section\">\n\t\t\t\t\t\t<div class=\"elementor-container elementor-column-gap-default\">\n\t\t\t\t\t<div class=\"elementor-column elementor-col-25 elementor-top-column elementor-element elementor-element-4190af7\" data-id=\"4190af7\" data-element_type=\"column\">\n\t\t\t<div class=\"elementor-widget-wrap elementor-element-populated\">\n\t\t\t\t\t\t<div class=\"elementor-element elementor-element-42fc762 elementor-widget elementor-widget-heading\" data-id=\"42fc762\" data-element_type=\"widget\" data-widget_type=\"heading.default\">\n\t\t\t\t<div class=\"elementor-widget-container\">\n\t\t\t<h2 class=\"elementor-heading-title elementor-size-default\">0,5L<\/h2>\t\t<\/div>\n\t\t\t\t<\/div>\n\t\t\t\t\t<\/div>\n\t\t<\/div>\n\t\t\t\t<div class=\"elementor-column elementor-col-25 elementor-top-column elementor-element elementor-element-5f98076\" data-id=\"5f98076\" data-element_type=\"column\">\n\t\t\t<div class=\"elementor-widget-wrap elementor-element-populated\">\n\t\t\t\t\t\t<div class=\"elementor-element elementor-element-6eef7ea elementor-widget elementor-widget-text-editor\" data-id=\"6eef7ea\" data-element_type=\"widget\" data-widget_type=\"text-editor.default\">\n\t\t\t\t<div class=\"elementor-widget-container\">\n\t\t\t\t\t\t\t<ul><li><a href=\"https:\/\/www.quickfds.com\/fds\/1177866-48988-09403-018545\" target=\"_blank\" rel=\"noopener nofollow\">pure white<\/a><\/li><li><a href=\"https:\/\/www.quickfds.com\/fds\/3157866-48989-09403-010022\" target=\"_blank\" rel=\"noopener nofollow\">moonlight<\/a><\/li><li><a href=\"https:\/\/www.quickfds.com\/fds\/9137866-48989-09403-011826\" target=\"_blank\" rel=\"noopener nofollow\">grey sky<\/a><\/li><li><a href=\"https:\/\/www.quickfds.com\/fds\/7167866-48989-09403-010354\" target=\"_blank\" rel=\"noopener nofollow\">himalaya<\/a><\/li><li><a href=\"https:\/\/www.quickfds.com\/fds\/7117866-48989-09403-016848\" target=\"_blank\" rel=\"noopener nofollow\">savana dry<\/a><\/li><li><a href=\"https:\/\/www.quickfds.com\/fds\/7137866-48989-09403-018596\" target=\"_blank\" rel=\"noopener nofollow\">baobab tree<\/a><\/li><li><a href=\"https:\/\/www.quickfds.com\/fds\/4167866-48990-09403-010901\" target=\"_blank\" rel=\"noopener nofollow\">buffalo<\/a><\/li><li><a href=\"https:\/\/www.quickfds.com\/fds\/6177866-48989-09403-015195\" target=\"_blank\" rel=\"noopener nofollow\">cactus<\/a><\/li><li><a href=\"https:\/\/www.quickfds.com\/fds\/7157866-48990-09403-012676\" target=\"_blank\" rel=\"noopener nofollow\">waterfall<\/a><\/li><li><a href=\"https:\/\/www.quickfds.com\/fds\/1157866-48990-09403-014459\" target=\"_blank\" rel=\"noopener nofollow\">volcanic stone<\/a><\/li><\/ul>\t\t\t\t\t\t<\/div>\n\t\t\t\t<\/div>\n\t\t\t\t\t<\/div>\n\t\t<\/div>\n\t\t\t\t<div class=\"elementor-column elementor-col-25 elementor-top-column elementor-element elementor-element-2159ac5\" data-id=\"2159ac5\" data-element_type=\"column\">\n\t\t\t<div class=\"elementor-widget-wrap elementor-element-populated\">\n\t\t\t\t\t\t<div class=\"elementor-element elementor-element-6459b31 elementor-widget elementor-widget-text-editor\" data-id=\"6459b31\" data-element_type=\"widget\" data-widget_type=\"text-editor.default\">\n\t\t\t\t<div class=\"elementor-widget-container\">\n\t\t\t\t\t\t\t<ul><li><a href=\"https:\/\/www.quickfds.com\/fds\/2137866-48944-09403-013436\" target=\"_blank\" rel=\"noopener nofollow\">pure white<\/a><\/li><li><a href=\"https:\/\/www.quickfds.com\/fds\/7137866-48944-09403-010479\" target=\"_blank\" rel=\"noopener nofollow\">moonlight<\/a><\/li><li><a href=\"https:\/\/www.quickfds.com\/fds\/7107866-48944-09403-010607\" target=\"_blank\" rel=\"noopener nofollow\">grey sky<\/a><\/li><li><a href=\"https:\/\/www.quickfds.com\/fds\/3107866-48944-09403-017393\" target=\"_blank\" rel=\"noopener nofollow\">himalaya<\/a><\/li><li><a href=\"https:\/\/www.quickfds.com\/fds\/5137866-48945-09403-010357\" target=\"_blank\" rel=\"noopener nofollow\">savana dry<\/a><\/li><li><a href=\"https:\/\/www.quickfds.com\/fds\/8157866-48945-09403-011844\" target=\"_blank\" rel=\"noopener nofollow\">baobab tree<\/a><\/li><li><a href=\"https:\/\/www.quickfds.com\/fds\/9107866-48945-09403-013223\" target=\"_blank\" rel=\"noopener nofollow\">buffalo<\/a><\/li><li><a href=\"https:\/\/www.quickfds.com\/fds\/7107866-48944-09403-018721\" target=\"_blank\" rel=\"noopener nofollow\">cactus<\/a><\/li><li><a href=\"https:\/\/www.quickfds.com\/fds\/6167866-48945-09403-010467\" target=\"_blank\" rel=\"noopener nofollow\">waterfall<\/a><\/li><li><a href=\"https:\/\/www.quickfds.com\/fds\/1137866-48945-09403-016234\" target=\"_blank\" rel=\"noopener nofollow\">volcanic stone<\/a><\/li><\/ul>\t\t\t\t\t\t<\/div>\n\t\t\t\t<\/div>\n\t\t\t\t\t<\/div>\n\t\t<\/div>\n\t\t\t\t<div class=\"elementor-column elementor-col-25 elementor-top-column elementor-element elementor-element-1089d1f\" data-id=\"1089d1f\" data-element_type=\"column\">\n\t\t\t<div class=\"elementor-widget-wrap elementor-element-populated\">\n\t\t\t\t\t\t<div class=\"elementor-element elementor-element-6d4963e elementor-widget elementor-widget-text-editor\" data-id=\"6d4963e\" data-element_type=\"widget\" data-widget_type=\"text-editor.default\">\n\t\t\t\t<div class=\"elementor-widget-container\">\n\t\t\t\t\t\t\t<ul><li><a href=\"https:\/\/www.quickfds.com\/fds\/0108131-48076-27481-014319\" target=\"_blank\" rel=\"noopener nofollow\">pure white<\/a><\/li><li><a href=\"https:\/\/www.quickfds.com\/fds\/5108131-48076-27481-015779\" target=\"_blank\" rel=\"noopener nofollow\">moonlight<\/a><\/li><li><a href=\"https:\/\/www.quickfds.com\/fds\/3148131-48076-27481-017263\" target=\"_blank\" rel=\"noopener nofollow\">grey sky<\/a><\/li><li><a href=\"https:\/\/www.quickfds.com\/fds\/9158131-48076-27481-018488\" target=\"_blank\" rel=\"noopener nofollow\">himalaya<\/a><\/li><li><a href=\"https:\/\/www.quickfds.com\/fds\/2118131-48077-27481-012783\" target=\"_blank\" rel=\"noopener nofollow\">savana dry<\/a><\/li><li><a href=\"https:\/\/www.quickfds.com\/fds\/3138131-48077-27481-014153\" target=\"_blank\" rel=\"noopener nofollow\">baobab tree<\/a><\/li><li><a href=\"https:\/\/www.quickfds.com\/fds\/5158131-48077-27481-015727\" target=\"_blank\" rel=\"noopener nofollow\">buffalo<\/a><\/li><li><a href=\"https:\/\/www.quickfds.com\/fds\/8188131-48077-27481-010231\" target=\"_blank\" rel=\"noopener nofollow\">cactus<\/a><\/li><li><a href=\"https:\/\/www.quickfds.com\/fds\/2158131-48077-27481-018122\" target=\"_blank\" rel=\"noopener nofollow\">waterfall<\/a><\/li><li><a href=\"https:\/\/www.quickfds.com\/fds\/8118131-48078-27481-010898\" target=\"_blank\" rel=\"noopener nofollow\">volcanic stone<\/a><\/li><\/ul>\t\t\t\t\t\t<\/div>\n\t\t\t\t<\/div>\n\t\t\t\t\t<\/div>\n\t\t<\/div>\n\t\t\t\t\t<\/div>\n\t\t<\/section>\n\t\t\t\t<section class=\"elementor-section elementor-top-section elementor-element elementor-element-34ca636 elementor-section-boxed elementor-section-height-default elementor-section-height-default\" data-id=\"34ca636\" data-element_type=\"section\">\n\t\t\t\t\t\t<div class=\"elementor-container elementor-column-gap-default\">\n\t\t\t\t\t<div class=\"elementor-column elementor-col-25 elementor-top-column elementor-element elementor-element-011eea3\" data-id=\"011eea3\" data-element_type=\"column\">\n\t\t\t<div class=\"elementor-widget-wrap elementor-element-populated\">\n\t\t\t\t\t\t<div class=\"elementor-element elementor-element-f8680b3 elementor-widget elementor-widget-heading\" data-id=\"f8680b3\" data-element_type=\"widget\" data-widget_type=\"heading.default\">\n\t\t\t\t<div class=\"elementor-widget-container\">\n\t\t\t<h2 class=\"elementor-heading-title elementor-size-default\">2,5L<\/h2>\t\t<\/div>\n\t\t\t\t<\/div>\n\t\t\t\t\t<\/div>\n\t\t<\/div>\n\t\t\t\t<div class=\"elementor-column elementor-col-25 elementor-top-column elementor-element elementor-element-54d7d76\" data-id=\"54d7d76\" data-element_type=\"column\">\n\t\t\t<div class=\"elementor-widget-wrap elementor-element-populated\">\n\t\t\t\t\t\t<div class=\"elementor-element elementor-element-d48e4f6 elementor-widget elementor-widget-text-editor\" data-id=\"d48e4f6\" data-element_type=\"widget\" data-widget_type=\"text-editor.default\">\n\t\t\t\t<div class=\"elementor-widget-container\">\n\t\t\t\t\t\t\t<ul><li><a href=\"https:\/\/www.quickfds.com\/fds\/2107866-48988-09403-017772\" target=\"_blank\" rel=\"noopener nofollow\">pure white<\/a><\/li><li><a href=\"https:\/\/www.quickfds.com\/fds\/4107866-48988-09403-019441\" target=\"_blank\" rel=\"noopener nofollow\">moonlight<\/a><\/li><li><a href=\"https:\/\/www.quickfds.com\/fds\/2127866-48989-09403-010106\" target=\"_blank\" rel=\"noopener nofollow\">grey sky<\/a><\/li><li><a href=\"https:\/\/www.quickfds.com\/fds\/5107866-48989-09403-012753\" target=\"_blank\" rel=\"noopener nofollow\">himalaya<\/a><\/li><li><a href=\"https:\/\/www.quickfds.com\/fds\/9117866-48989-09403-016092\" target=\"_blank\" rel=\"noopener nofollow\">savana dry<\/a><\/li><li><a href=\"https:\/\/www.quickfds.com\/fds\/5167866-48989-09403-017706\" target=\"_blank\" rel=\"noopener nofollow\">baobab tree<\/a><\/li><li><a href=\"https:\/\/www.quickfds.com\/fds\/1177866-48989-09403-019995\" target=\"_blank\" rel=\"noopener nofollow\">buffalo<\/a><\/li><li><a href=\"https:\/\/www.quickfds.com\/fds\/9157866-48989-09403-014447\" target=\"_blank\" rel=\"noopener nofollow\">cactus<\/a><\/li><li><a href=\"https:\/\/www.quickfds.com\/fds\/1107866-48990-09403-011826\" target=\"_blank\" rel=\"noopener nofollow\">waterfall<\/a><\/li><li><a href=\"https:\/\/www.quickfds.com\/fds\/6137866-48990-09403-013537\" target=\"_blank\" rel=\"noopener nofollow\">volcanic stone<\/a><\/li><\/ul>\t\t\t\t\t\t<\/div>\n\t\t\t\t<\/div>\n\t\t\t\t\t<\/div>\n\t\t<\/div>\n\t\t\t\t<div class=\"elementor-column elementor-col-25 elementor-top-column elementor-element elementor-element-8567758\" data-id=\"8567758\" data-element_type=\"column\">\n\t\t\t<div class=\"elementor-widget-wrap elementor-element-populated\">\n\t\t\t\t\t\t<div class=\"elementor-element elementor-element-bd6f08b elementor-widget elementor-widget-text-editor\" data-id=\"bd6f08b\" data-element_type=\"widget\" data-widget_type=\"text-editor.default\">\n\t\t\t\t<div class=\"elementor-widget-container\">\n\t\t\t\t\t\t\t<ul><li><a href=\"https:\/\/www.quickfds.com\/fds\/8147866-48944-09403-012624\" target=\"_blank\" rel=\"noopener nofollow\">pure white<\/a><\/li><li><a href=\"https:\/\/www.quickfds.com\/fds\/1107866-48944-09403-010407\" target=\"_blank\" rel=\"noopener nofollow\">moonlight<\/a><\/li><li><a href=\"https:\/\/www.quickfds.com\/fds\/3107866-48944-09403-010533\" target=\"_blank\" rel=\"noopener nofollow\">grey sky<\/a><\/li><li><a href=\"https:\/\/www.quickfds.com\/fds\/9157866-48944-09403-016612\" target=\"_blank\" rel=\"noopener nofollow\">himalaya<\/a><\/li><li><a href=\"https:\/\/www.quickfds.com\/fds\/2157866-48944-09403-019452\" target=\"_blank\" rel=\"noopener nofollow\">savana dry<\/a><\/li><li><a href=\"https:\/\/www.quickfds.com\/fds\/2177866-48945-09403-011107\" target=\"_blank\" rel=\"noopener nofollow\">baobab tree<\/a><\/li><li><a href=\"https:\/\/www.quickfds.com\/fds\/2187866-48945-09403-012466\" target=\"_blank\" rel=\"noopener nofollow\">buffalo<\/a><\/li><li><a href=\"https:\/\/www.quickfds.com\/fds\/2177866-48944-09403-018096\" target=\"_blank\" rel=\"noopener nofollow\">cactus<\/a><\/li><li><a href=\"https:\/\/www.quickfds.com\/fds\/9157866-48945-09403-013988\" target=\"_blank\" rel=\"noopener nofollow\">waterfall<\/a><\/li><li><a href=\"https:\/\/www.quickfds.com\/fds\/7157866-48945-09403-015423\" target=\"_blank\" rel=\"noopener nofollow\">volcanic stone<\/a><\/li><\/ul>\t\t\t\t\t\t<\/div>\n\t\t\t\t<\/div>\n\t\t\t\t\t<\/div>\n\t\t<\/div>\n\t\t\t\t<div class=\"elementor-column elementor-col-25 elementor-top-column elementor-element elementor-element-1f0430c\" data-id=\"1f0430c\" data-element_type=\"column\">\n\t\t\t<div class=\"elementor-widget-wrap elementor-element-populated\">\n\t\t\t\t\t\t<div class=\"elementor-element elementor-element-91daffc elementor-widget elementor-widget-text-editor\" data-id=\"91daffc\" data-element_type=\"widget\" data-widget_type=\"text-editor.default\">\n\t\t\t\t<div class=\"elementor-widget-container\">\n\t\t\t\t\t\t\t<ul><li><a href=\"https:\/\/www.quickfds.com\/fds\/4108131-48076-27481-013644\" target=\"_blank\" rel=\"noopener nofollow\">pure white<\/a><\/li><li><a href=\"https:\/\/www.quickfds.com\/fds\/8178131-48076-27481-015182\" target=\"_blank\" rel=\"noopener nofollow\">moonlight<\/a><\/li><li><a href=\"https:\/\/www.quickfds.com\/fds\/1198131-48076-27481-016569\" target=\"_blank\" rel=\"noopener nofollow\">grey sky<\/a><\/li><li><a href=\"https:\/\/www.quickfds.com\/fds\/6138131-48076-27481-010793\" target=\"_blank\" rel=\"noopener nofollow\">himalaya<\/a><\/li><li><a href=\"https:\/\/www.quickfds.com\/fds\/3148131-48077-27481-012214\" target=\"_blank\" rel=\"noopener nofollow\">savana dry<\/a><\/li><li><a href=\"https:\/\/www.quickfds.com\/fds\/8188131-48077-27481-013626\" target=\"_blank\" rel=\"noopener nofollow\">baobab tree<\/a><\/li><li><a href=\"https:\/\/www.quickfds.com\/fds\/5188131-48077-27481-014954\" target=\"_blank\" rel=\"noopener nofollow\">buffalo<\/a><\/li><li><a href=\"https:\/\/www.quickfds.com\/fds\/4158131-48076-27481-019602\" target=\"_blank\" rel=\"noopener nofollow\">cactus<\/a><\/li><li><a href=\"https:\/\/www.quickfds.com\/fds\/2118131-48077-27481-016857\" target=\"_blank\" rel=\"noopener nofollow\">waterfall<\/a><\/li><li><a href=\"https:\/\/www.quickfds.com\/fds\/7108131-48078-27481-010014\" target=\"_blank\" rel=\"noopener nofollow\">volcanic stone<\/a><\/li><\/ul>\t\t\t\t\t\t<\/div>\n\t\t\t\t<\/div>\n\t\t\t\t\t<\/div>\n\t\t<\/div>\n\t\t\t\t\t<\/div>\n\t\t<\/section>\n\t\t\t\t<\/div>\n\t\t","protected":false},"excerpt":{"rendered":"<p>De veiligheidsinformatiebladen worden continu bijgewerkt met de meest actuele informatie. Ze zijn beschikbaar voor elk formaat en kleur. De versie en datum van de laatste update worden in de rechterbovenhoek van elke pagina weergegeven. De downloaddatum wordt automatisch toegevoegd in de linkerbenedenhoek van elke pagina. Deze datum getuigt van de geldigheid van de informatie ten [&hellip;]<\/p>\n","protected":false},"author":4,"featured_media":0,"parent":0,"menu_order":0,"comment_status":"closed","ping_status":"closed","template":"","meta":{"pgc_meta":"","rank_math_lock_modified_date":false,"footnotes":""},"acf":[],"pgc_meta":"","_links":{"self":[{"href":"https:\/\/www.v33.be\/nl\/wp-json\/wp\/v2\/pages\/3791"}],"collection":[{"href":"https:\/\/www.v33.be\/nl\/wp-json\/wp\/v2\/pages"}],"about":[{"href":"https:\/\/www.v33.be\/nl\/wp-json\/wp\/v2\/types\/page"}],"author":[{"embeddable":true,"href":"https:\/\/www.v33.be\/nl\/wp-json\/wp\/v2\/users\/4"}],"replies":[{"embeddable":true,"href":"https:\/\/www.v33.be\/nl\/wp-json\/wp\/v2\/comments?post=3791"}],"version-history":[{"count":0,"href":"https:\/\/www.v33.be\/nl\/wp-json\/wp\/v2\/pages\/3791\/revisions"}],"wp:attachment":[{"href":"https:\/\/www.v33.be\/nl\/wp-json\/wp\/v2\/media?parent=3791"}],"curies":[{"name":"wp","href":"https:\/\/api.w.org\/{rel}","templated":true}]}}