{"id":3676,"date":"2019-11-28T16:51:40","date_gmt":"2019-11-28T15:51:40","guid":{"rendered":"https:\/\/test.v33.be\/?page_id=3676"},"modified":"2023-01-18T16:22:27","modified_gmt":"2023-01-18T15:22:27","slug":"veiligheidsfiches-beits-easy-relook","status":"publish","type":"page","link":"https:\/\/www.v33.be\/nl\/veiligheidsfiches-beits-easy-relook\/","title":{"rendered":"Veiligheidsfiches Beits Easy Relook"},"content":{"rendered":"\t\t<div data-elementor-type=\"wp-page\" data-elementor-id=\"3676\" class=\"elementor elementor-3676 elementor-3674\">\n\t\t\t\t\t\t<section class=\"elementor-section elementor-top-section elementor-element elementor-element-1b17230b elementor-section-boxed elementor-section-height-default elementor-section-height-default\" data-id=\"1b17230b\" data-element_type=\"section\">\n\t\t\t\t\t\t<div class=\"elementor-container elementor-column-gap-default\">\n\t\t\t\t\t<div class=\"elementor-column elementor-col-100 elementor-top-column elementor-element elementor-element-43fcbb1\" data-id=\"43fcbb1\" data-element_type=\"column\">\n\t\t\t<div class=\"elementor-widget-wrap\">\n\t\t\t\t\t\t\t<\/div>\n\t\t<\/div>\n\t\t\t\t\t<\/div>\n\t\t<\/section>\n\t\t\t\t<section class=\"elementor-section elementor-top-section elementor-element elementor-element-3433cda elementor-section-boxed elementor-section-height-default elementor-section-height-default\" data-id=\"3433cda\" data-element_type=\"section\">\n\t\t\t\t\t\t<div class=\"elementor-container elementor-column-gap-default\">\n\t\t\t\t\t<div class=\"elementor-column elementor-col-50 elementor-top-column elementor-element elementor-element-de58f6a\" data-id=\"de58f6a\" data-element_type=\"column\">\n\t\t\t<div class=\"elementor-widget-wrap elementor-element-populated\">\n\t\t\t\t\t\t<div class=\"elementor-element elementor-element-6a7bb4c elementor-widget elementor-widget-image\" data-id=\"6a7bb4c\" data-element_type=\"widget\" data-widget_type=\"image.default\">\n\t\t\t\t<div class=\"elementor-widget-container\">\n\t\t\t\t\t\t\t\t\t\t\t\t\t<img fetchpriority=\"high\" decoding=\"async\" width=\"300\" height=\"300\" src=\"https:\/\/www.v33.be\/wp-content\/uploads\/2018\/09\/G\u00e9n\u00e9rique-Easy-Relook-5L-300x300.png\" class=\"attachment-medium size-medium wp-image-1167\" alt=\"G\u00e9n\u00e9rique Easy Relook 5L\" srcset=\"https:\/\/www.v33.be\/wp-content\/uploads\/2018\/09\/G\u00e9n\u00e9rique-Easy-Relook-5L-300x300.png 300w, https:\/\/www.v33.be\/wp-content\/uploads\/2018\/09\/G\u00e9n\u00e9rique-Easy-Relook-5L-150x150.png 150w, https:\/\/www.v33.be\/wp-content\/uploads\/2018\/09\/G\u00e9n\u00e9rique-Easy-Relook-5L-768x768.png 768w, https:\/\/www.v33.be\/wp-content\/uploads\/2018\/09\/G\u00e9n\u00e9rique-Easy-Relook-5L-60x60.png 60w, https:\/\/www.v33.be\/wp-content\/uploads\/2018\/09\/G\u00e9n\u00e9rique-Easy-Relook-5L-40x40.png 40w, https:\/\/www.v33.be\/wp-content\/uploads\/2018\/09\/G\u00e9n\u00e9rique-Easy-Relook-5L-48x48.png 48w, https:\/\/www.v33.be\/wp-content\/uploads\/2018\/09\/G\u00e9n\u00e9rique-Easy-Relook-5L-250x250.png 250w, https:\/\/www.v33.be\/wp-content\/uploads\/2018\/09\/G\u00e9n\u00e9rique-Easy-Relook-5L-550x550.png 550w, https:\/\/www.v33.be\/wp-content\/uploads\/2018\/09\/G\u00e9n\u00e9rique-Easy-Relook-5L.png 800w, https:\/\/www.v33.be\/wp-content\/uploads\/2018\/09\/G\u00e9n\u00e9rique-Easy-Relook-5L-180x180.png 180w, https:\/\/www.v33.be\/wp-content\/uploads\/2018\/09\/G\u00e9n\u00e9rique-Easy-Relook-5L-500x500.png 500w\" sizes=\"(max-width: 300px) 100vw, 300px\" \/>\t\t\t\t\t\t\t\t\t\t\t\t\t<\/div>\n\t\t\t\t<\/div>\n\t\t\t\t\t<\/div>\n\t\t<\/div>\n\t\t\t\t<div class=\"elementor-column elementor-col-50 elementor-top-column elementor-element elementor-element-3805047\" data-id=\"3805047\" data-element_type=\"column\">\n\t\t\t<div class=\"elementor-widget-wrap elementor-element-populated\">\n\t\t\t\t\t\t<div class=\"elementor-element elementor-element-673b06e elementor-widget elementor-widget-spacer\" data-id=\"673b06e\" data-element_type=\"widget\" data-widget_type=\"spacer.default\">\n\t\t\t\t<div class=\"elementor-widget-container\">\n\t\t\t\t\t<div class=\"elementor-spacer\">\n\t\t\t<div class=\"elementor-spacer-inner\"><\/div>\n\t\t<\/div>\n\t\t\t\t<\/div>\n\t\t\t\t<\/div>\n\t\t\t\t<div class=\"elementor-element elementor-element-765208d elementor-widget elementor-widget-text-editor\" data-id=\"765208d\" data-element_type=\"widget\" data-widget_type=\"text-editor.default\">\n\t\t\t\t<div class=\"elementor-widget-container\">\n\t\t\t\t\t\t\t<p>Lorem ipsum dolor sit amet, consectetur adipiscing elit. Ut elit tellus, luctus nec ullamcorper mattis, pulvinar dapibus leo.<\/p>\t\t\t\t\t\t<\/div>\n\t\t\t\t<\/div>\n\t\t\t\t\t<\/div>\n\t\t<\/div>\n\t\t\t\t\t<\/div>\n\t\t<\/section>\n\t\t\t\t<section class=\"elementor-section elementor-top-section elementor-element elementor-element-937c579 elementor-section-boxed elementor-section-height-default elementor-section-height-default\" data-id=\"937c579\" data-element_type=\"section\">\n\t\t\t\t\t\t<div class=\"elementor-container elementor-column-gap-default\">\n\t\t\t\t\t<div class=\"elementor-column elementor-col-25 elementor-top-column elementor-element elementor-element-57dfd68\" data-id=\"57dfd68\" data-element_type=\"column\">\n\t\t\t<div class=\"elementor-widget-wrap\">\n\t\t\t\t\t\t\t<\/div>\n\t\t<\/div>\n\t\t\t\t<div class=\"elementor-column elementor-col-25 elementor-top-column elementor-element elementor-element-63826ea\" data-id=\"63826ea\" data-element_type=\"column\">\n\t\t\t<div class=\"elementor-widget-wrap elementor-element-populated\">\n\t\t\t\t\t\t<div class=\"elementor-element elementor-element-3b18561 elementor-widget elementor-widget-heading\" data-id=\"3b18561\" data-element_type=\"widget\" data-widget_type=\"heading.default\">\n\t\t\t\t<div class=\"elementor-widget-container\">\n\t\t\t<h2 class=\"elementor-heading-title elementor-size-default\">NL<\/h2>\t\t<\/div>\n\t\t\t\t<\/div>\n\t\t\t\t\t<\/div>\n\t\t<\/div>\n\t\t\t\t<div class=\"elementor-column elementor-col-25 elementor-top-column elementor-element elementor-element-38e19e1\" data-id=\"38e19e1\" data-element_type=\"column\">\n\t\t\t<div class=\"elementor-widget-wrap elementor-element-populated\">\n\t\t\t\t\t\t<div class=\"elementor-element elementor-element-b0fea61 elementor-widget elementor-widget-heading\" data-id=\"b0fea61\" data-element_type=\"widget\" data-widget_type=\"heading.default\">\n\t\t\t\t<div class=\"elementor-widget-container\">\n\t\t\t<h2 class=\"elementor-heading-title elementor-size-default\">FR<\/h2>\t\t<\/div>\n\t\t\t\t<\/div>\n\t\t\t\t\t<\/div>\n\t\t<\/div>\n\t\t\t\t<div class=\"elementor-column elementor-col-25 elementor-top-column elementor-element elementor-element-611d347\" data-id=\"611d347\" data-element_type=\"column\">\n\t\t\t<div class=\"elementor-widget-wrap elementor-element-populated\">\n\t\t\t\t\t\t<div class=\"elementor-element elementor-element-82bac21 elementor-widget elementor-widget-heading\" data-id=\"82bac21\" data-element_type=\"widget\" data-widget_type=\"heading.default\">\n\t\t\t\t<div class=\"elementor-widget-container\">\n\t\t\t<h2 class=\"elementor-heading-title elementor-size-default\">DE<\/h2>\t\t<\/div>\n\t\t\t\t<\/div>\n\t\t\t\t\t<\/div>\n\t\t<\/div>\n\t\t\t\t\t<\/div>\n\t\t<\/section>\n\t\t\t\t<section class=\"elementor-section elementor-top-section elementor-element elementor-element-850f311 elementor-section-boxed elementor-section-height-default elementor-section-height-default\" data-id=\"850f311\" data-element_type=\"section\">\n\t\t\t\t\t\t<div class=\"elementor-container elementor-column-gap-default\">\n\t\t\t\t\t<div class=\"elementor-column elementor-col-25 elementor-top-column elementor-element elementor-element-712ad50\" data-id=\"712ad50\" data-element_type=\"column\">\n\t\t\t<div class=\"elementor-widget-wrap elementor-element-populated\">\n\t\t\t\t\t\t<div class=\"elementor-element elementor-element-c1c9cfe elementor-widget elementor-widget-heading\" data-id=\"c1c9cfe\" data-element_type=\"widget\" data-widget_type=\"heading.default\">\n\t\t\t\t<div class=\"elementor-widget-container\">\n\t\t\t<h2 class=\"elementor-heading-title elementor-size-default\">5L<\/h2>\t\t<\/div>\n\t\t\t\t<\/div>\n\t\t\t\t\t<\/div>\n\t\t<\/div>\n\t\t\t\t<div class=\"elementor-column elementor-col-25 elementor-top-column elementor-element elementor-element-821a9ec\" data-id=\"821a9ec\" data-element_type=\"column\">\n\t\t\t<div class=\"elementor-widget-wrap elementor-element-populated\">\n\t\t\t\t\t\t<div class=\"elementor-element elementor-element-9b3a0fb elementor-widget elementor-widget-text-editor\" data-id=\"9b3a0fb\" data-element_type=\"widget\" data-widget_type=\"text-editor.default\">\n\t\t\t\t<div class=\"elementor-widget-container\">\n\t\t\t\t\t\t\t<ul><li><a href=\"https:\/\/www.quickfds.com\/fds\/4118131-48324-27481-018552\" target=\"_blank\" rel=\"noopener nofollow\">okoum\u00e9<\/a><\/li><li><a href=\"https:\/\/www.quickfds.com\/fds\/2198131-48324-27481-019898\" target=\"_blank\" rel=\"noopener nofollow\">moka<\/a><\/li><li><a href=\"https:\/\/www.quickfds.com\/fds\/5198131-48325-27481-010126\" target=\"_blank\" rel=\"noopener nofollow\">schors<\/a><\/li><li><a href=\"https:\/\/www.quickfds.com\/fds\/4178131-48325-27481-012539\" target=\"_blank\" rel=\"noopener nofollow\">antraciet<\/a><\/li><li><a href=\"https:\/\/www.quickfds.com\/fds\/2118131-48325-27481-013774\" target=\"_blank\" rel=\"noopener nofollow\">leisteen<\/a><\/li><\/ul>\t\t\t\t\t\t<\/div>\n\t\t\t\t<\/div>\n\t\t\t\t\t<\/div>\n\t\t<\/div>\n\t\t\t\t<div class=\"elementor-column elementor-col-25 elementor-top-column elementor-element elementor-element-b9e85c9\" data-id=\"b9e85c9\" data-element_type=\"column\">\n\t\t\t<div class=\"elementor-widget-wrap elementor-element-populated\">\n\t\t\t\t\t\t<div class=\"elementor-element elementor-element-a09c7ff elementor-widget elementor-widget-text-editor\" data-id=\"a09c7ff\" data-element_type=\"widget\" data-widget_type=\"text-editor.default\">\n\t\t\t\t<div class=\"elementor-widget-container\">\n\t\t\t\t\t\t\t<ul><li><a href=\"https:\/\/www.quickfds.com\/fds\/5148131-48220-27481-013362\" target=\"_blank\" rel=\"noopener nofollow\">okoum\u00e9<\/a><\/li><li><a href=\"https:\/\/www.quickfds.com\/fds\/1168131-48220-27481-014585\" target=\"_blank\" rel=\"noopener nofollow\">moka<\/a><\/li><li><a href=\"https:\/\/www.quickfds.com\/fds\/4108131-48220-27481-015773\" target=\"_blank\" rel=\"noopener nofollow\">schors<\/a><\/li><li><a href=\"https:\/\/www.quickfds.com\/fds\/1168131-48220-27481-010705\" target=\"_blank\" rel=\"noopener nofollow\">antraciet<\/a><\/li><li><a href=\"https:\/\/www.quickfds.com\/fds\/8178131-48220-27481-018245\" target=\"_blank\" rel=\"noopener nofollow\">leisteen<\/a><\/li><\/ul>\t\t\t\t\t\t<\/div>\n\t\t\t\t<\/div>\n\t\t\t\t\t<\/div>\n\t\t<\/div>\n\t\t\t\t<div class=\"elementor-column elementor-col-25 elementor-top-column elementor-element elementor-element-b383f71\" data-id=\"b383f71\" data-element_type=\"column\">\n\t\t\t<div class=\"elementor-widget-wrap elementor-element-populated\">\n\t\t\t\t\t\t<div class=\"elementor-element elementor-element-688c7ca elementor-widget elementor-widget-text-editor\" data-id=\"688c7ca\" data-element_type=\"widget\" data-widget_type=\"text-editor.default\">\n\t\t\t\t<div class=\"elementor-widget-container\">\n\t\t\t\t\t\t\t<ul><li><a href=\"https:\/\/www.quickfds.com\/fds\/7188131-48125-27481-018614\" target=\"_blank\" rel=\"noopener nofollow\">okoum\u00e9<\/a><\/li><li><a href=\"https:\/\/www.quickfds.com\/fds\/9148131-48125-27481-010094\" target=\"_blank\" rel=\"noopener nofollow\">moka<\/a><\/li><li><a href=\"https:\/\/www.quickfds.com\/fds\/1108131-48126-27481-010199\" target=\"_blank\" rel=\"noopener nofollow\">schors<\/a><\/li><li><a href=\"https:\/\/www.quickfds.com\/fds\/7148131-48126-27481-010748\" target=\"_blank\" rel=\"noopener nofollow\">antraciet<\/a><\/li><li><a href=\"https:\/\/www.quickfds.com\/fds\/3118131-48126-27481-011384\" target=\"_blank\" rel=\"noopener nofollow\">leisteen<\/a><\/li><\/ul>\t\t\t\t\t\t<\/div>\n\t\t\t\t<\/div>\n\t\t\t\t\t<\/div>\n\t\t<\/div>\n\t\t\t\t\t<\/div>\n\t\t<\/section>\n\t\t\t\t<\/div>\n\t\t","protected":false},"excerpt":{"rendered":"<p>Lorem ipsum dolor sit amet, consectetur adipiscing elit. Ut elit tellus, luctus nec ullamcorper mattis, pulvinar dapibus leo. NL FR DE 5L okoum\u00e9 moka schors antraciet leisteen okoum\u00e9 moka schors antraciet leisteen okoum\u00e9 moka schors antraciet leisteen<\/p>\n","protected":false},"author":4,"featured_media":0,"parent":0,"menu_order":0,"comment_status":"closed","ping_status":"closed","template":"","meta":{"pgc_meta":"","rank_math_lock_modified_date":false,"footnotes":""},"acf":[],"pgc_meta":"","_links":{"self":[{"href":"https:\/\/www.v33.be\/nl\/wp-json\/wp\/v2\/pages\/3676"}],"collection":[{"href":"https:\/\/www.v33.be\/nl\/wp-json\/wp\/v2\/pages"}],"about":[{"href":"https:\/\/www.v33.be\/nl\/wp-json\/wp\/v2\/types\/page"}],"author":[{"embeddable":true,"href":"https:\/\/www.v33.be\/nl\/wp-json\/wp\/v2\/users\/4"}],"replies":[{"embeddable":true,"href":"https:\/\/www.v33.be\/nl\/wp-json\/wp\/v2\/comments?post=3676"}],"version-history":[{"count":0,"href":"https:\/\/www.v33.be\/nl\/wp-json\/wp\/v2\/pages\/3676\/revisions"}],"wp:attachment":[{"href":"https:\/\/www.v33.be\/nl\/wp-json\/wp\/v2\/media?parent=3676"}],"curies":[{"name":"wp","href":"https:\/\/api.w.org\/{rel}","templated":true}]}}