{"id":3585,"date":"2019-10-24T13:31:12","date_gmt":"2019-10-24T11:31:12","guid":{"rendered":"https:\/\/test.v33.be\/?page_id=3585"},"modified":"2023-01-18T16:23:53","modified_gmt":"2023-01-18T15:23:53","slug":"veiligheidsfiche-houtbeits-buiten-trendy-style","status":"publish","type":"page","link":"https:\/\/www.v33.be\/nl\/veiligheidsfiche-houtbeits-buiten-trendy-style\/","title":{"rendered":"Veiligheidsfiches Houtbeits Buiten Trendy Style"},"content":{"rendered":"\t\t<div data-elementor-type=\"wp-page\" data-elementor-id=\"3585\" class=\"elementor elementor-3585 elementor-3584\">\n\t\t\t\t\t\t<section class=\"elementor-section elementor-top-section elementor-element elementor-element-1e46b3cd elementor-section-boxed elementor-section-height-default elementor-section-height-default\" data-id=\"1e46b3cd\" data-element_type=\"section\">\n\t\t\t\t\t\t<div class=\"elementor-container elementor-column-gap-default\">\n\t\t\t\t\t<div class=\"elementor-column elementor-col-100 elementor-top-column elementor-element elementor-element-c21833c\" data-id=\"c21833c\" data-element_type=\"column\">\n\t\t\t<div class=\"elementor-widget-wrap\">\n\t\t\t\t\t\t\t<\/div>\n\t\t<\/div>\n\t\t\t\t\t<\/div>\n\t\t<\/section>\n\t\t\t\t<section class=\"elementor-section elementor-top-section elementor-element elementor-element-82e09a6 elementor-section-boxed elementor-section-height-default elementor-section-height-default\" data-id=\"82e09a6\" data-element_type=\"section\">\n\t\t\t\t\t\t<div class=\"elementor-container elementor-column-gap-default\">\n\t\t\t\t\t<div class=\"elementor-column elementor-col-50 elementor-top-column elementor-element elementor-element-ec24c5a\" data-id=\"ec24c5a\" data-element_type=\"column\">\n\t\t\t<div class=\"elementor-widget-wrap elementor-element-populated\">\n\t\t\t\t\t\t<div class=\"elementor-element elementor-element-442c7b3 elementor-widget elementor-widget-image\" data-id=\"442c7b3\" data-element_type=\"widget\" data-widget_type=\"image.default\">\n\t\t\t\t<div class=\"elementor-widget-container\">\n\t\t\t\t\t\t\t\t\t\t\t\t\t<img fetchpriority=\"high\" decoding=\"async\" width=\"300\" height=\"300\" src=\"https:\/\/www.v33.be\/wp-content\/uploads\/2018\/09\/G\u00e9n\u00e9rique-Lasure-Bois-Ext\u00e9rieur-Trendy-Style-075L-300x300.png\" class=\"attachment-medium size-medium wp-image-1183\" alt=\"\" srcset=\"https:\/\/www.v33.be\/wp-content\/uploads\/2018\/09\/G\u00e9n\u00e9rique-Lasure-Bois-Ext\u00e9rieur-Trendy-Style-075L-300x300.png 300w, https:\/\/www.v33.be\/wp-content\/uploads\/2018\/09\/G\u00e9n\u00e9rique-Lasure-Bois-Ext\u00e9rieur-Trendy-Style-075L-150x150.png 150w, https:\/\/www.v33.be\/wp-content\/uploads\/2018\/09\/G\u00e9n\u00e9rique-Lasure-Bois-Ext\u00e9rieur-Trendy-Style-075L-768x768.png 768w, https:\/\/www.v33.be\/wp-content\/uploads\/2018\/09\/G\u00e9n\u00e9rique-Lasure-Bois-Ext\u00e9rieur-Trendy-Style-075L-60x60.png 60w, https:\/\/www.v33.be\/wp-content\/uploads\/2018\/09\/G\u00e9n\u00e9rique-Lasure-Bois-Ext\u00e9rieur-Trendy-Style-075L-40x40.png 40w, https:\/\/www.v33.be\/wp-content\/uploads\/2018\/09\/G\u00e9n\u00e9rique-Lasure-Bois-Ext\u00e9rieur-Trendy-Style-075L-48x48.png 48w, https:\/\/www.v33.be\/wp-content\/uploads\/2018\/09\/G\u00e9n\u00e9rique-Lasure-Bois-Ext\u00e9rieur-Trendy-Style-075L-250x250.png 250w, https:\/\/www.v33.be\/wp-content\/uploads\/2018\/09\/G\u00e9n\u00e9rique-Lasure-Bois-Ext\u00e9rieur-Trendy-Style-075L-550x550.png 550w, https:\/\/www.v33.be\/wp-content\/uploads\/2018\/09\/G\u00e9n\u00e9rique-Lasure-Bois-Ext\u00e9rieur-Trendy-Style-075L.png 800w, https:\/\/www.v33.be\/wp-content\/uploads\/2018\/09\/G\u00e9n\u00e9rique-Lasure-Bois-Ext\u00e9rieur-Trendy-Style-075L-180x180.png 180w, https:\/\/www.v33.be\/wp-content\/uploads\/2018\/09\/G\u00e9n\u00e9rique-Lasure-Bois-Ext\u00e9rieur-Trendy-Style-075L-500x500.png 500w\" sizes=\"(max-width: 300px) 100vw, 300px\" \/>\t\t\t\t\t\t\t\t\t\t\t\t\t<\/div>\n\t\t\t\t<\/div>\n\t\t\t\t\t<\/div>\n\t\t<\/div>\n\t\t\t\t<div class=\"elementor-column elementor-col-50 elementor-top-column elementor-element elementor-element-5aac0fd\" data-id=\"5aac0fd\" data-element_type=\"column\">\n\t\t\t<div class=\"elementor-widget-wrap elementor-element-populated\">\n\t\t\t\t\t\t<div class=\"elementor-element elementor-element-69fefc8 elementor-widget elementor-widget-spacer\" data-id=\"69fefc8\" data-element_type=\"widget\" data-widget_type=\"spacer.default\">\n\t\t\t\t<div class=\"elementor-widget-container\">\n\t\t\t\t\t<div class=\"elementor-spacer\">\n\t\t\t<div class=\"elementor-spacer-inner\"><\/div>\n\t\t<\/div>\n\t\t\t\t<\/div>\n\t\t\t\t<\/div>\n\t\t\t\t<div class=\"elementor-element elementor-element-6a560d5 elementor-widget elementor-widget-text-editor\" data-id=\"6a560d5\" data-element_type=\"widget\" data-widget_type=\"text-editor.default\">\n\t\t\t\t<div class=\"elementor-widget-container\">\n\t\t\t\t\t\t\t<p><em>De veiligheidsinformatiebladen worden continu bijgewerkt met de meest actuele informatie. Ze zijn beschikbaar voor elk formaat en kleur.<br \/>De versie en datum van de laatste update worden in de rechterbovenhoek van elke pagina weergegeven.<br \/>De downloaddatum wordt automatisch toegevoegd in de linkerbenedenhoek van elke pagina. Deze datum getuigt van de geldigheid van de informatie ten tijde van uw consultatie.<\/em><\/p>\t\t\t\t\t\t<\/div>\n\t\t\t\t<\/div>\n\t\t\t\t\t<\/div>\n\t\t<\/div>\n\t\t\t\t\t<\/div>\n\t\t<\/section>\n\t\t\t\t<section class=\"elementor-section elementor-top-section elementor-element elementor-element-05dc3e3 elementor-section-boxed elementor-section-height-default elementor-section-height-default\" data-id=\"05dc3e3\" data-element_type=\"section\">\n\t\t\t\t\t\t<div class=\"elementor-container elementor-column-gap-default\">\n\t\t\t\t\t<div class=\"elementor-column elementor-col-25 elementor-top-column elementor-element elementor-element-862f804\" data-id=\"862f804\" data-element_type=\"column\">\n\t\t\t<div class=\"elementor-widget-wrap\">\n\t\t\t\t\t\t\t<\/div>\n\t\t<\/div>\n\t\t\t\t<div class=\"elementor-column elementor-col-25 elementor-top-column elementor-element elementor-element-2c18669\" data-id=\"2c18669\" data-element_type=\"column\">\n\t\t\t<div class=\"elementor-widget-wrap elementor-element-populated\">\n\t\t\t\t\t\t<div class=\"elementor-element elementor-element-ea1ed35 elementor-widget elementor-widget-heading\" data-id=\"ea1ed35\" data-element_type=\"widget\" data-widget_type=\"heading.default\">\n\t\t\t\t<div class=\"elementor-widget-container\">\n\t\t\t<h2 class=\"elementor-heading-title elementor-size-default\">NL<\/h2>\t\t<\/div>\n\t\t\t\t<\/div>\n\t\t\t\t\t<\/div>\n\t\t<\/div>\n\t\t\t\t<div class=\"elementor-column elementor-col-25 elementor-top-column elementor-element elementor-element-b0cfec3\" data-id=\"b0cfec3\" data-element_type=\"column\">\n\t\t\t<div class=\"elementor-widget-wrap elementor-element-populated\">\n\t\t\t\t\t\t<div class=\"elementor-element elementor-element-b25b3c4 elementor-widget elementor-widget-heading\" data-id=\"b25b3c4\" data-element_type=\"widget\" data-widget_type=\"heading.default\">\n\t\t\t\t<div class=\"elementor-widget-container\">\n\t\t\t<h2 class=\"elementor-heading-title elementor-size-default\">FR<\/h2>\t\t<\/div>\n\t\t\t\t<\/div>\n\t\t\t\t\t<\/div>\n\t\t<\/div>\n\t\t\t\t<div class=\"elementor-column elementor-col-25 elementor-top-column elementor-element elementor-element-ad29226\" data-id=\"ad29226\" data-element_type=\"column\">\n\t\t\t<div class=\"elementor-widget-wrap elementor-element-populated\">\n\t\t\t\t\t\t<div class=\"elementor-element elementor-element-c5fca13 elementor-widget elementor-widget-heading\" data-id=\"c5fca13\" data-element_type=\"widget\" data-widget_type=\"heading.default\">\n\t\t\t\t<div class=\"elementor-widget-container\">\n\t\t\t<h2 class=\"elementor-heading-title elementor-size-default\">DE<\/h2>\t\t<\/div>\n\t\t\t\t<\/div>\n\t\t\t\t\t<\/div>\n\t\t<\/div>\n\t\t\t\t\t<\/div>\n\t\t<\/section>\n\t\t\t\t<section class=\"elementor-section elementor-top-section elementor-element elementor-element-3437f4f elementor-section-boxed elementor-section-height-default elementor-section-height-default\" data-id=\"3437f4f\" data-element_type=\"section\">\n\t\t\t\t\t\t<div class=\"elementor-container elementor-column-gap-default\">\n\t\t\t\t\t<div class=\"elementor-column elementor-col-25 elementor-top-column elementor-element elementor-element-4a531dc\" data-id=\"4a531dc\" data-element_type=\"column\">\n\t\t\t<div class=\"elementor-widget-wrap elementor-element-populated\">\n\t\t\t\t\t\t<div class=\"elementor-element elementor-element-527f7e4 elementor-widget elementor-widget-heading\" data-id=\"527f7e4\" data-element_type=\"widget\" data-widget_type=\"heading.default\">\n\t\t\t\t<div class=\"elementor-widget-container\">\n\t\t\t<h2 class=\"elementor-heading-title elementor-size-default\">0,75L<\/h2>\t\t<\/div>\n\t\t\t\t<\/div>\n\t\t\t\t\t<\/div>\n\t\t<\/div>\n\t\t\t\t<div class=\"elementor-column elementor-col-25 elementor-top-column elementor-element elementor-element-2f9e84c\" data-id=\"2f9e84c\" data-element_type=\"column\">\n\t\t\t<div class=\"elementor-widget-wrap elementor-element-populated\">\n\t\t\t\t\t\t<div class=\"elementor-element elementor-element-e0d3b4b elementor-widget elementor-widget-text-editor\" data-id=\"e0d3b4b\" data-element_type=\"widget\" data-widget_type=\"text-editor.default\">\n\t\t\t\t<div class=\"elementor-widget-container\">\n\t\t\t\t\t\t\t<ul><li><a href=\"https:\/\/www.quickfds.com\/fds\/5128131-48327-27481-011564\" target=\"_blank\" rel=\"noopener nofollow\">oude ceder<\/a><\/li><li><a href=\"https:\/\/www.quickfds.com\/fds\/7148131-48327-27481-013041\" target=\"_blank\" rel=\"noopener nofollow\">zilvere ceder<\/a><\/li><li><a href=\"https:\/\/www.quickfds.com\/fds\/2148131-48327-27481-014543\" target=\"_blank\" rel=\"noopener nofollow\">noorse den<\/a><\/li><li><a href=\"https:\/\/www.quickfds.com\/fds\/8108131-48327-27481-016151\" target=\"_blank\" rel=\"noopener nofollow\">as eik<\/a><\/li><li><a href=\"https:\/\/www.quickfds.com\/fds\/9158131-48327-27481-017815\" target=\"_blank\" rel=\"noopener nofollow\">graphiet eik<\/a><\/li><li><a href=\"https:\/\/www.quickfds.com\/fds\/3158131-48327-27481-019501\" target=\"_blank\" rel=\"noopener nofollow\">zilver grijs<\/a><\/li><\/ul>\t\t\t\t\t\t<\/div>\n\t\t\t\t<\/div>\n\t\t\t\t\t<\/div>\n\t\t<\/div>\n\t\t\t\t<div class=\"elementor-column elementor-col-25 elementor-top-column elementor-element elementor-element-50d3146\" data-id=\"50d3146\" data-element_type=\"column\">\n\t\t\t<div class=\"elementor-widget-wrap elementor-element-populated\">\n\t\t\t\t\t\t<div class=\"elementor-element elementor-element-cdc4298 elementor-widget elementor-widget-text-editor\" data-id=\"cdc4298\" data-element_type=\"widget\" data-widget_type=\"text-editor.default\">\n\t\t\t\t<div class=\"elementor-widget-container\">\n\t\t\t\t\t\t\t<ul><li><a href=\"https:\/\/www.quickfds.com\/fds\/4158131-48222-27481-015186\" target=\"_blank\" rel=\"noopener nofollow\">oude ceder<\/a><\/li><li><a href=\"https:\/\/www.quickfds.com\/fds\/5188131-48222-27481-016751\" target=\"_blank\" rel=\"noopener nofollow\">zilvere ceder<\/a><\/li><li><a href=\"https:\/\/www.quickfds.com\/fds\/5108131-48222-27481-010923\" target=\"_blank\" rel=\"noopener nofollow\">noorse den<\/a><\/li><li><a href=\"https:\/\/www.quickfds.com\/fds\/1188131-48223-27481-010886\" target=\"_blank\" rel=\"noopener nofollow\">as eik<\/a><\/li><li><a href=\"https:\/\/www.quickfds.com\/fds\/6168131-48223-27481-012389\" target=\"_blank\" rel=\"noopener nofollow\">graphiet eik<\/a><\/li><li><a href=\"https:\/\/www.quickfds.com\/fds\/9148131-48223-27481-013969\" target=\"_blank\" rel=\"noopener nofollow\">zilver grijs<\/a><\/li><\/ul>\t\t\t\t\t\t<\/div>\n\t\t\t\t<\/div>\n\t\t\t\t\t<\/div>\n\t\t<\/div>\n\t\t\t\t<div class=\"elementor-column elementor-col-25 elementor-top-column elementor-element elementor-element-1b0034c\" data-id=\"1b0034c\" data-element_type=\"column\">\n\t\t\t<div class=\"elementor-widget-wrap elementor-element-populated\">\n\t\t\t\t\t\t<div class=\"elementor-element elementor-element-c2eae1d elementor-widget elementor-widget-text-editor\" data-id=\"c2eae1d\" data-element_type=\"widget\" data-widget_type=\"text-editor.default\">\n\t\t\t\t<div class=\"elementor-widget-container\">\n\t\t\t\t\t\t\t<ul><li><a href=\"https:\/\/www.quickfds.com\/fds\/9118131-48127-27481-015513\" target=\"_blank\" rel=\"noopener nofollow\">oude ceder<\/a><\/li><li><a href=\"https:\/\/www.quickfds.com\/fds\/6108131-48127-27481-016355\" target=\"_blank\" rel=\"noopener nofollow\">zilvere ceder<\/a><\/li><li><a href=\"https:\/\/www.quickfds.com\/fds\/6168131-48127-27481-017913\" target=\"_blank\" rel=\"noopener nofollow\">noorse den<\/a><\/li><li><a href=\"https:\/\/www.quickfds.com\/fds\/3138131-48127-27481-019626\" target=\"_blank\" rel=\"noopener nofollow\">as eik<\/a><\/li><li><a href=\"https:\/\/www.quickfds.com\/fds\/1188131-48128-27481-010488\" target=\"_blank\" rel=\"noopener nofollow\">graphiet eik<\/a><\/li><li><a href=\"https:\/\/www.quickfds.com\/fds\/6108131-48128-27481-011252\" target=\"_blank\" rel=\"noopener nofollow\">zilver grijs<\/a><\/li><\/ul>\t\t\t\t\t\t<\/div>\n\t\t\t\t<\/div>\n\t\t\t\t\t<\/div>\n\t\t<\/div>\n\t\t\t\t\t<\/div>\n\t\t<\/section>\n\t\t\t\t<section class=\"elementor-section elementor-top-section elementor-element elementor-element-7915eea elementor-section-boxed elementor-section-height-default elementor-section-height-default\" data-id=\"7915eea\" data-element_type=\"section\">\n\t\t\t\t\t\t<div class=\"elementor-container elementor-column-gap-default\">\n\t\t\t\t\t<div class=\"elementor-column elementor-col-25 elementor-top-column elementor-element elementor-element-b7abab3\" data-id=\"b7abab3\" data-element_type=\"column\">\n\t\t\t<div class=\"elementor-widget-wrap elementor-element-populated\">\n\t\t\t\t\t\t<div class=\"elementor-element elementor-element-ee15a8f elementor-widget elementor-widget-heading\" data-id=\"ee15a8f\" data-element_type=\"widget\" data-widget_type=\"heading.default\">\n\t\t\t\t<div class=\"elementor-widget-container\">\n\t\t\t<h2 class=\"elementor-heading-title elementor-size-default\">2,5L<\/h2>\t\t<\/div>\n\t\t\t\t<\/div>\n\t\t\t\t\t<\/div>\n\t\t<\/div>\n\t\t\t\t<div class=\"elementor-column elementor-col-25 elementor-top-column elementor-element elementor-element-15c9ad2\" data-id=\"15c9ad2\" data-element_type=\"column\">\n\t\t\t<div class=\"elementor-widget-wrap elementor-element-populated\">\n\t\t\t\t\t\t<div class=\"elementor-element elementor-element-4e13f48 elementor-widget elementor-widget-text-editor\" data-id=\"4e13f48\" data-element_type=\"widget\" data-widget_type=\"text-editor.default\">\n\t\t\t\t<div class=\"elementor-widget-container\">\n\t\t\t\t\t\t\t<ul><li><a href=\"https:\/\/www.quickfds.com\/fds\/1108131-48328-27481-011023\" target=\"_blank\" rel=\"noopener nofollow\">oude ceder<\/a><\/li><li><a href=\"https:\/\/www.quickfds.com\/fds\/6138131-48328-27481-013316\" target=\"_blank\" rel=\"noopener nofollow\">zilvere ceder<\/a><\/li><li><a href=\"https:\/\/www.quickfds.com\/fds\/7108131-48328-27481-017237\" target=\"_blank\" rel=\"noopener nofollow\">noorse den<\/a><\/li><li><a href=\"https:\/\/www.quickfds.com\/fds\/6198131-48328-27481-010897\" target=\"_blank\" rel=\"noopener nofollow\">as eik<\/a><\/li><li><a href=\"https:\/\/www.quickfds.com\/fds\/9138131-48329-27481-010625\" target=\"_blank\" rel=\"noopener nofollow\">graphiet eik<\/a><\/li><li><a href=\"https:\/\/www.quickfds.com\/fds\/1118131-48329-27481-012386\" target=\"_blank\" rel=\"noopener nofollow\">zilver grijs<\/a><\/li><\/ul>\t\t\t\t\t\t<\/div>\n\t\t\t\t<\/div>\n\t\t\t\t\t<\/div>\n\t\t<\/div>\n\t\t\t\t<div class=\"elementor-column elementor-col-25 elementor-top-column elementor-element elementor-element-1598276\" data-id=\"1598276\" data-element_type=\"column\">\n\t\t\t<div class=\"elementor-widget-wrap elementor-element-populated\">\n\t\t\t\t\t\t<div class=\"elementor-element elementor-element-9a00302 elementor-widget elementor-widget-text-editor\" data-id=\"9a00302\" data-element_type=\"widget\" data-widget_type=\"text-editor.default\">\n\t\t\t\t<div class=\"elementor-widget-container\">\n\t\t\t\t\t\t\t<ul><li><a href=\"https:\/\/www.quickfds.com\/fds\/5178131-48223-27481-015484\" target=\"_blank\" rel=\"noopener nofollow\">oude ceder<\/a><\/li><li><a href=\"https:\/\/www.quickfds.com\/fds\/5148131-48223-27481-017033\" target=\"_blank\" rel=\"noopener nofollow\">zilvere ceder<\/a><\/li><li><a href=\"https:\/\/www.quickfds.com\/fds\/7178131-48223-27481-018608\" target=\"_blank\" rel=\"noopener nofollow\">noorse den<\/a><\/li><li><a href=\"https:\/\/www.quickfds.com\/fds\/2108131-48224-27481-010398\" target=\"_blank\" rel=\"noopener nofollow\">as eik<\/a><\/li><li><a href=\"https:\/\/www.quickfds.com\/fds\/2198131-48224-27481-012056\" target=\"_blank\" rel=\"noopener nofollow\">graphiet eik<\/a><\/li><li><a href=\"https:\/\/www.quickfds.com\/fds\/5168131-48224-27481-013732\" target=\"_blank\" rel=\"noopener nofollow\">zilver grijs<\/a><\/li><\/ul>\t\t\t\t\t\t<\/div>\n\t\t\t\t<\/div>\n\t\t\t\t\t<\/div>\n\t\t<\/div>\n\t\t\t\t<div class=\"elementor-column elementor-col-25 elementor-top-column elementor-element elementor-element-3d87167\" data-id=\"3d87167\" data-element_type=\"column\">\n\t\t\t<div class=\"elementor-widget-wrap elementor-element-populated\">\n\t\t\t\t\t\t<div class=\"elementor-element elementor-element-bcdf90d elementor-widget elementor-widget-text-editor\" data-id=\"bcdf90d\" data-element_type=\"widget\" data-widget_type=\"text-editor.default\">\n\t\t\t\t<div class=\"elementor-widget-container\">\n\t\t\t\t\t\t\t<ul><li><a href=\"https:\/\/www.quickfds.com\/fds\/5198131-48128-27481-011984\" target=\"_blank\" rel=\"noopener nofollow\">oude ceder<\/a><\/li><li><a href=\"https:\/\/www.quickfds.com\/fds\/9108131-48128-27481-012694\" target=\"_blank\" rel=\"noopener nofollow\">zilvere ceder<\/a><\/li><li><a href=\"https:\/\/www.quickfds.com\/fds\/5138131-48128-27481-013336\" target=\"_blank\" rel=\"noopener nofollow\">noorse den<\/a><\/li><li><a href=\"https:\/\/www.quickfds.com\/fds\/6128131-48128-27481-014024\" target=\"_blank\" rel=\"noopener nofollow\">as eik<\/a><\/li><li><a href=\"https:\/\/www.quickfds.com\/fds\/5108131-48128-27481-014743\" target=\"_blank\" rel=\"noopener nofollow\">graphiet eik<\/a><\/li><li><a href=\"https:\/\/www.quickfds.com\/fds\/8128131-48128-27481-015499\" target=\"_blank\" rel=\"noopener nofollow\">zilver grijs<\/a><\/li><\/ul>\t\t\t\t\t\t<\/div>\n\t\t\t\t<\/div>\n\t\t\t\t\t<\/div>\n\t\t<\/div>\n\t\t\t\t\t<\/div>\n\t\t<\/section>\n\t\t\t\t<\/div>\n\t\t","protected":false},"excerpt":{"rendered":"<p>De veiligheidsinformatiebladen worden continu bijgewerkt met de meest actuele informatie. Ze zijn beschikbaar voor elk formaat en kleur. De versie en datum van de laatste update worden in de rechterbovenhoek van elke pagina weergegeven. De downloaddatum wordt automatisch toegevoegd in de linkerbenedenhoek van elke pagina. Deze datum getuigt van de geldigheid van de informatie ten [&hellip;]<\/p>\n","protected":false},"author":4,"featured_media":0,"parent":0,"menu_order":0,"comment_status":"closed","ping_status":"closed","template":"","meta":{"pgc_meta":"","rank_math_lock_modified_date":false,"footnotes":""},"acf":[],"pgc_meta":"","_links":{"self":[{"href":"https:\/\/www.v33.be\/nl\/wp-json\/wp\/v2\/pages\/3585"}],"collection":[{"href":"https:\/\/www.v33.be\/nl\/wp-json\/wp\/v2\/pages"}],"about":[{"href":"https:\/\/www.v33.be\/nl\/wp-json\/wp\/v2\/types\/page"}],"author":[{"embeddable":true,"href":"https:\/\/www.v33.be\/nl\/wp-json\/wp\/v2\/users\/4"}],"replies":[{"embeddable":true,"href":"https:\/\/www.v33.be\/nl\/wp-json\/wp\/v2\/comments?post=3585"}],"version-history":[{"count":0,"href":"https:\/\/www.v33.be\/nl\/wp-json\/wp\/v2\/pages\/3585\/revisions"}],"wp:attachment":[{"href":"https:\/\/www.v33.be\/nl\/wp-json\/wp\/v2\/media?parent=3585"}],"curies":[{"name":"wp","href":"https:\/\/api.w.org\/{rel}","templated":true}]}}