{"id":3579,"date":"2019-10-24T10:02:47","date_gmt":"2019-10-24T08:02:47","guid":{"rendered":"https:\/\/test.v33.be\/?page_id=3579"},"modified":"2023-01-18T16:24:08","modified_gmt":"2023-01-18T15:24:08","slug":"veiligheidsfiche-houtbeits-deuren-ramen-high-protection","status":"publish","type":"page","link":"https:\/\/www.v33.be\/nl\/veiligheidsfiche-houtbeits-deuren-ramen-high-protection\/","title":{"rendered":"Veiligheidsfiches Houtbeits Deuren &#038; Ramen High Protection"},"content":{"rendered":"\t\t<div data-elementor-type=\"wp-page\" data-elementor-id=\"3579\" class=\"elementor elementor-3579 elementor-3575\">\n\t\t\t\t\t\t<section class=\"elementor-section elementor-top-section elementor-element elementor-element-11d81b1a elementor-section-boxed elementor-section-height-default elementor-section-height-default\" data-id=\"11d81b1a\" data-element_type=\"section\">\n\t\t\t\t\t\t<div class=\"elementor-container elementor-column-gap-default\">\n\t\t\t\t\t<div class=\"elementor-column elementor-col-100 elementor-top-column elementor-element elementor-element-d40cf81\" data-id=\"d40cf81\" data-element_type=\"column\">\n\t\t\t<div class=\"elementor-widget-wrap\">\n\t\t\t\t\t\t\t<\/div>\n\t\t<\/div>\n\t\t\t\t\t<\/div>\n\t\t<\/section>\n\t\t\t\t<section class=\"elementor-section elementor-top-section elementor-element elementor-element-f0a1d15 elementor-section-boxed elementor-section-height-default elementor-section-height-default\" data-id=\"f0a1d15\" data-element_type=\"section\">\n\t\t\t\t\t\t<div class=\"elementor-container elementor-column-gap-default\">\n\t\t\t\t\t<div class=\"elementor-column elementor-col-50 elementor-top-column elementor-element elementor-element-0688387\" data-id=\"0688387\" data-element_type=\"column\">\n\t\t\t<div class=\"elementor-widget-wrap elementor-element-populated\">\n\t\t\t\t\t\t<div class=\"elementor-element elementor-element-a96e080 elementor-widget elementor-widget-image\" data-id=\"a96e080\" data-element_type=\"widget\" data-widget_type=\"image.default\">\n\t\t\t\t<div class=\"elementor-widget-container\">\n\t\t\t\t\t\t\t\t\t\t\t\t\t<img fetchpriority=\"high\" decoding=\"async\" width=\"300\" height=\"300\" src=\"https:\/\/www.v33.be\/wp-content\/uploads\/2018\/09\/G\u00e9n\u00e9rique-Lasure-Portes-Ch\u00e2ssis-high-protection-25L-300x300.png\" class=\"attachment-medium size-medium wp-image-1189\" alt=\"G\u00e9n\u00e9rique Lasure Portes &amp; Ch\u00e2ssis high protection 2,5L\" srcset=\"https:\/\/www.v33.be\/wp-content\/uploads\/2018\/09\/G\u00e9n\u00e9rique-Lasure-Portes-Ch\u00e2ssis-high-protection-25L-300x300.png 300w, https:\/\/www.v33.be\/wp-content\/uploads\/2018\/09\/G\u00e9n\u00e9rique-Lasure-Portes-Ch\u00e2ssis-high-protection-25L-150x150.png 150w, https:\/\/www.v33.be\/wp-content\/uploads\/2018\/09\/G\u00e9n\u00e9rique-Lasure-Portes-Ch\u00e2ssis-high-protection-25L-768x768.png 768w, https:\/\/www.v33.be\/wp-content\/uploads\/2018\/09\/G\u00e9n\u00e9rique-Lasure-Portes-Ch\u00e2ssis-high-protection-25L-60x60.png 60w, https:\/\/www.v33.be\/wp-content\/uploads\/2018\/09\/G\u00e9n\u00e9rique-Lasure-Portes-Ch\u00e2ssis-high-protection-25L-40x40.png 40w, https:\/\/www.v33.be\/wp-content\/uploads\/2018\/09\/G\u00e9n\u00e9rique-Lasure-Portes-Ch\u00e2ssis-high-protection-25L-48x48.png 48w, https:\/\/www.v33.be\/wp-content\/uploads\/2018\/09\/G\u00e9n\u00e9rique-Lasure-Portes-Ch\u00e2ssis-high-protection-25L-250x250.png 250w, https:\/\/www.v33.be\/wp-content\/uploads\/2018\/09\/G\u00e9n\u00e9rique-Lasure-Portes-Ch\u00e2ssis-high-protection-25L-550x550.png 550w, https:\/\/www.v33.be\/wp-content\/uploads\/2018\/09\/G\u00e9n\u00e9rique-Lasure-Portes-Ch\u00e2ssis-high-protection-25L.png 800w, https:\/\/www.v33.be\/wp-content\/uploads\/2018\/09\/G\u00e9n\u00e9rique-Lasure-Portes-Ch\u00e2ssis-high-protection-25L-180x180.png 180w, https:\/\/www.v33.be\/wp-content\/uploads\/2018\/09\/G\u00e9n\u00e9rique-Lasure-Portes-Ch\u00e2ssis-high-protection-25L-500x500.png 500w\" sizes=\"(max-width: 300px) 100vw, 300px\" \/>\t\t\t\t\t\t\t\t\t\t\t\t\t<\/div>\n\t\t\t\t<\/div>\n\t\t\t\t\t<\/div>\n\t\t<\/div>\n\t\t\t\t<div class=\"elementor-column elementor-col-50 elementor-top-column elementor-element elementor-element-5d5310a\" data-id=\"5d5310a\" data-element_type=\"column\">\n\t\t\t<div class=\"elementor-widget-wrap elementor-element-populated\">\n\t\t\t\t\t\t<div class=\"elementor-element elementor-element-0ccd30b elementor-widget elementor-widget-spacer\" data-id=\"0ccd30b\" data-element_type=\"widget\" data-widget_type=\"spacer.default\">\n\t\t\t\t<div class=\"elementor-widget-container\">\n\t\t\t\t\t<div class=\"elementor-spacer\">\n\t\t\t<div class=\"elementor-spacer-inner\"><\/div>\n\t\t<\/div>\n\t\t\t\t<\/div>\n\t\t\t\t<\/div>\n\t\t\t\t<div class=\"elementor-element elementor-element-f8c89b4 elementor-widget elementor-widget-text-editor\" data-id=\"f8c89b4\" data-element_type=\"widget\" data-widget_type=\"text-editor.default\">\n\t\t\t\t<div class=\"elementor-widget-container\">\n\t\t\t\t\t\t\t<p><em>De veiligheidsinformatiebladen worden continu bijgewerkt met de meest actuele informatie. Ze zijn beschikbaar voor elk formaat en kleur.<br \/>De versie en datum van de laatste update worden in de rechterbovenhoek van elke pagina weergegeven.<br \/>De downloaddatum wordt automatisch toegevoegd in de linkerbenedenhoek van elke pagina. Deze datum getuigt van de geldigheid van de informatie ten tijde van uw consultatie.<\/em><\/p>\t\t\t\t\t\t<\/div>\n\t\t\t\t<\/div>\n\t\t\t\t\t<\/div>\n\t\t<\/div>\n\t\t\t\t\t<\/div>\n\t\t<\/section>\n\t\t\t\t<section class=\"elementor-section elementor-top-section elementor-element elementor-element-3c57677 elementor-section-boxed elementor-section-height-default elementor-section-height-default\" data-id=\"3c57677\" data-element_type=\"section\">\n\t\t\t\t\t\t<div class=\"elementor-container elementor-column-gap-default\">\n\t\t\t\t\t<div class=\"elementor-column elementor-col-25 elementor-top-column elementor-element elementor-element-172f811\" data-id=\"172f811\" data-element_type=\"column\">\n\t\t\t<div class=\"elementor-widget-wrap\">\n\t\t\t\t\t\t\t<\/div>\n\t\t<\/div>\n\t\t\t\t<div class=\"elementor-column elementor-col-25 elementor-top-column elementor-element elementor-element-2a6120b\" data-id=\"2a6120b\" data-element_type=\"column\">\n\t\t\t<div class=\"elementor-widget-wrap elementor-element-populated\">\n\t\t\t\t\t\t<div class=\"elementor-element elementor-element-0a5ecbb elementor-widget elementor-widget-heading\" data-id=\"0a5ecbb\" data-element_type=\"widget\" data-widget_type=\"heading.default\">\n\t\t\t\t<div class=\"elementor-widget-container\">\n\t\t\t<h2 class=\"elementor-heading-title elementor-size-default\">NL<\/h2>\t\t<\/div>\n\t\t\t\t<\/div>\n\t\t\t\t\t<\/div>\n\t\t<\/div>\n\t\t\t\t<div class=\"elementor-column elementor-col-25 elementor-top-column elementor-element elementor-element-5a661ec\" data-id=\"5a661ec\" data-element_type=\"column\">\n\t\t\t<div class=\"elementor-widget-wrap elementor-element-populated\">\n\t\t\t\t\t\t<div class=\"elementor-element elementor-element-713e009 elementor-widget elementor-widget-heading\" data-id=\"713e009\" data-element_type=\"widget\" data-widget_type=\"heading.default\">\n\t\t\t\t<div class=\"elementor-widget-container\">\n\t\t\t<h2 class=\"elementor-heading-title elementor-size-default\">FR<\/h2>\t\t<\/div>\n\t\t\t\t<\/div>\n\t\t\t\t\t<\/div>\n\t\t<\/div>\n\t\t\t\t<div class=\"elementor-column elementor-col-25 elementor-top-column elementor-element elementor-element-dc95595\" data-id=\"dc95595\" data-element_type=\"column\">\n\t\t\t<div class=\"elementor-widget-wrap elementor-element-populated\">\n\t\t\t\t\t\t<div class=\"elementor-element elementor-element-ffc84b0 elementor-widget elementor-widget-heading\" data-id=\"ffc84b0\" data-element_type=\"widget\" data-widget_type=\"heading.default\">\n\t\t\t\t<div class=\"elementor-widget-container\">\n\t\t\t<h2 class=\"elementor-heading-title elementor-size-default\">DE<\/h2>\t\t<\/div>\n\t\t\t\t<\/div>\n\t\t\t\t\t<\/div>\n\t\t<\/div>\n\t\t\t\t\t<\/div>\n\t\t<\/section>\n\t\t\t\t<section class=\"elementor-section elementor-top-section elementor-element elementor-element-5c1093e elementor-section-boxed elementor-section-height-default elementor-section-height-default\" data-id=\"5c1093e\" data-element_type=\"section\">\n\t\t\t\t\t\t<div class=\"elementor-container elementor-column-gap-default\">\n\t\t\t\t\t<div class=\"elementor-column elementor-col-25 elementor-top-column elementor-element elementor-element-b6b24ea\" data-id=\"b6b24ea\" data-element_type=\"column\">\n\t\t\t<div class=\"elementor-widget-wrap elementor-element-populated\">\n\t\t\t\t\t\t<div class=\"elementor-element elementor-element-bbb7626 elementor-widget elementor-widget-heading\" data-id=\"bbb7626\" data-element_type=\"widget\" data-widget_type=\"heading.default\">\n\t\t\t\t<div class=\"elementor-widget-container\">\n\t\t\t<h2 class=\"elementor-heading-title elementor-size-default\">0,75L<\/h2>\t\t<\/div>\n\t\t\t\t<\/div>\n\t\t\t\t\t<\/div>\n\t\t<\/div>\n\t\t\t\t<div class=\"elementor-column elementor-col-25 elementor-top-column elementor-element elementor-element-5422e7b\" data-id=\"5422e7b\" data-element_type=\"column\">\n\t\t\t<div class=\"elementor-widget-wrap elementor-element-populated\">\n\t\t\t\t\t\t<div class=\"elementor-element elementor-element-920caa7 elementor-widget elementor-widget-text-editor\" data-id=\"920caa7\" data-element_type=\"widget\" data-widget_type=\"text-editor.default\">\n\t\t\t\t<div class=\"elementor-widget-container\">\n\t\t\t\t\t\t\t<ul><li><a href=\"https:\/\/www.quickfds.com\/fds\/9117866-48982-09403-011374\" target=\"_blank\" rel=\"noopener nofollow\">kleurloos<\/a><\/li><li><a href=\"https:\/\/www.quickfds.com\/fds\/7107866-48982-09403-010092\" target=\"_blank\" rel=\"noopener nofollow\">licht eik<\/a><\/li><li><a href=\"https:\/\/www.quickfds.com\/fds\/8107866-48983-09403-012425\" target=\"_blank\" rel=\"noopener nofollow\">midden eik<\/a><\/li><li><a href=\"https:\/\/www.quickfds.com\/fds\/6117866-48982-09403-012896\" target=\"_blank\" rel=\"noopener nofollow\">donkere eik<\/a><\/li><li><a href=\"https:\/\/www.quickfds.com\/fds\/1177866-48982-09403-017508\" target=\"_blank\" rel=\"noopener nofollow\">noorse den<\/a><\/li><li><a href=\"https:\/\/www.quickfds.com\/fds\/5157866-48983-09403-010072\" target=\"_blank\" rel=\"noopener nofollow\">teak<\/a><\/li><li><a href=\"https:\/\/www.quickfds.com\/fds\/2127866-48982-09403-014506\" target=\"_blank\" rel=\"noopener nofollow\">mahonie<\/a><\/li><li><a href=\"https:\/\/www.quickfds.com\/fds\/7137866-48982-09403-016012\" target=\"_blank\" rel=\"noopener nofollow\">notelaar<\/a><\/li><\/ul>\t\t\t\t\t\t<\/div>\n\t\t\t\t<\/div>\n\t\t\t\t\t<\/div>\n\t\t<\/div>\n\t\t\t\t<div class=\"elementor-column elementor-col-25 elementor-top-column elementor-element elementor-element-d4fd1c6\" data-id=\"d4fd1c6\" data-element_type=\"column\">\n\t\t\t<div class=\"elementor-widget-wrap elementor-element-populated\">\n\t\t\t\t\t\t<div class=\"elementor-element elementor-element-9a956c3 elementor-widget elementor-widget-text-editor\" data-id=\"9a956c3\" data-element_type=\"widget\" data-widget_type=\"text-editor.default\">\n\t\t\t\t<div class=\"elementor-widget-container\">\n\t\t\t\t\t\t\t<ul><li><a href=\"https:\/\/www.quickfds.com\/fds\/5107866-48937-09403-011804\" target=\"_blank\" rel=\"noopener nofollow\">kleurloos<\/a><\/li><li><a href=\"https:\/\/www.quickfds.com\/fds\/8157866-48937-09403-018674\" target=\"_blank\" rel=\"noopener nofollow\">licht eik<\/a><\/li><li><a href=\"https:\/\/www.quickfds.com\/fds\/8117866-48938-09403-010129\" target=\"_blank\" rel=\"noopener nofollow\">midden eik<\/a><\/li><li><a href=\"https:\/\/www.quickfds.com\/fds\/4157866-48937-09403-013202\" target=\"_blank\" rel=\"noopener nofollow\">donkere eik<\/a><\/li><li><a href=\"https:\/\/www.quickfds.com\/fds\/1147866-48937-09403-017245\" target=\"_blank\" rel=\"noopener nofollow\">noorse den<\/a><\/li><li><a href=\"https:\/\/www.quickfds.com\/fds\/3197866-48937-09403-019986\" target=\"_blank\" rel=\"noopener nofollow\">teak<\/a><\/li><li><a href=\"https:\/\/www.quickfds.com\/fds\/1177866-48937-09403-014435\" target=\"_blank\" rel=\"noopener nofollow\">mahonie<\/a><\/li><li><a href=\"https:\/\/www.quickfds.com\/fds\/3177866-48937-09403-015813\" target=\"_blank\" rel=\"noopener nofollow\">notelaar<\/a><\/li><\/ul>\t\t\t\t\t\t<\/div>\n\t\t\t\t<\/div>\n\t\t\t\t\t<\/div>\n\t\t<\/div>\n\t\t\t\t<div class=\"elementor-column elementor-col-25 elementor-top-column elementor-element elementor-element-78fc35f\" data-id=\"78fc35f\" data-element_type=\"column\">\n\t\t\t<div class=\"elementor-widget-wrap elementor-element-populated\">\n\t\t\t\t\t\t<div class=\"elementor-element elementor-element-8c78bf0 elementor-widget elementor-widget-text-editor\" data-id=\"8c78bf0\" data-element_type=\"widget\" data-widget_type=\"text-editor.default\">\n\t\t\t\t<div class=\"elementor-widget-container\">\n\t\t\t\t\t\t\t<ul><li><a href=\"https:\/\/www.quickfds.com\/fds\/4118131-48067-27481-019352\" target=\"_blank\" rel=\"noopener nofollow\">kleurloos<\/a><\/li><li><a href=\"https:\/\/www.quickfds.com\/fds\/4128131-48068-27481-015565\" target=\"_blank\" rel=\"noopener nofollow\">licht eik<\/a><\/li><li><a href=\"https:\/\/www.quickfds.com\/fds\/4128131-48068-27481-017796\" target=\"_blank\" rel=\"noopener nofollow\">midden eik<\/a><\/li><li><a href=\"https:\/\/www.quickfds.com\/fds\/5178131-48068-27481-010051\" target=\"_blank\" rel=\"noopener nofollow\">donkere eik<\/a><\/li><li><a href=\"https:\/\/www.quickfds.com\/fds\/4138131-48068-27481-014402\" target=\"_blank\" rel=\"noopener nofollow\">noorse den<\/a><\/li><li><a href=\"https:\/\/www.quickfds.com\/fds\/2118131-48068-27481-016708\" target=\"_blank\" rel=\"noopener nofollow\">teak<\/a><\/li><li><a href=\"https:\/\/www.quickfds.com\/fds\/7168131-48068-27481-011622\" target=\"_blank\" rel=\"noopener nofollow\">mahonie<\/a><\/li><li><a href=\"https:\/\/www.quickfds.com\/fds\/3198131-48068-27481-010033\" target=\"_blank\" rel=\"noopener nofollow\">notelaar<\/a><\/li><\/ul>\t\t\t\t\t\t<\/div>\n\t\t\t\t<\/div>\n\t\t\t\t\t<\/div>\n\t\t<\/div>\n\t\t\t\t\t<\/div>\n\t\t<\/section>\n\t\t\t\t<section class=\"elementor-section elementor-top-section elementor-element elementor-element-36723a8 elementor-section-boxed elementor-section-height-default elementor-section-height-default\" data-id=\"36723a8\" data-element_type=\"section\">\n\t\t\t\t\t\t<div class=\"elementor-container elementor-column-gap-default\">\n\t\t\t\t\t<div class=\"elementor-column elementor-col-25 elementor-top-column elementor-element elementor-element-09cf985\" data-id=\"09cf985\" data-element_type=\"column\">\n\t\t\t<div class=\"elementor-widget-wrap elementor-element-populated\">\n\t\t\t\t\t\t<div class=\"elementor-element elementor-element-109368a elementor-widget elementor-widget-heading\" data-id=\"109368a\" data-element_type=\"widget\" data-widget_type=\"heading.default\">\n\t\t\t\t<div class=\"elementor-widget-container\">\n\t\t\t<h2 class=\"elementor-heading-title elementor-size-default\">2,5L<\/h2>\t\t<\/div>\n\t\t\t\t<\/div>\n\t\t\t\t\t<\/div>\n\t\t<\/div>\n\t\t\t\t<div class=\"elementor-column elementor-col-25 elementor-top-column elementor-element elementor-element-afc007f\" data-id=\"afc007f\" data-element_type=\"column\">\n\t\t\t<div class=\"elementor-widget-wrap elementor-element-populated\">\n\t\t\t\t\t\t<div class=\"elementor-element elementor-element-044a862 elementor-widget elementor-widget-text-editor\" data-id=\"044a862\" data-element_type=\"widget\" data-widget_type=\"text-editor.default\">\n\t\t\t\t<div class=\"elementor-widget-container\">\n\t\t\t\t\t\t\t<ul><li><a href=\"https:\/\/www.quickfds.com\/fds\/0107866-48982-09403-010701\" target=\"_blank\" rel=\"noopener nofollow\">kleurloos<\/a><\/li><li><a href=\"https:\/\/www.quickfds.com\/fds\/5177866-48982-09403-018324\" target=\"_blank\" rel=\"noopener nofollow\">licht eik<\/a><\/li><li><a href=\"https:\/\/www.quickfds.com\/fds\/9137866-48983-09403-011662\" target=\"_blank\" rel=\"noopener nofollow\">midden eik<\/a><\/li><li><a href=\"https:\/\/www.quickfds.com\/fds\/1177866-48982-09403-012173\" target=\"_blank\" rel=\"noopener nofollow\">donkere eik<\/a><\/li><li><a href=\"https:\/\/www.quickfds.com\/fds\/2177866-48982-09403-016742\" target=\"_blank\" rel=\"noopener nofollow\">noorse den<\/a><\/li><li><a href=\"https:\/\/www.quickfds.com\/fds\/5167866-48982-09403-019972\" target=\"_blank\" rel=\"noopener nofollow\">teak<\/a><\/li><li><a href=\"https:\/\/www.quickfds.com\/fds\/7197866-48982-09403-013593\" target=\"_blank\" rel=\"noopener nofollow\">mahonie<\/a><\/li><li><a href=\"https:\/\/www.quickfds.com\/fds\/5167866-48982-09403-015219\" target=\"_blank\" rel=\"noopener nofollow\">notelaar<\/a><\/li><\/ul>\t\t\t\t\t\t<\/div>\n\t\t\t\t<\/div>\n\t\t\t\t\t<\/div>\n\t\t<\/div>\n\t\t\t\t<div class=\"elementor-column elementor-col-25 elementor-top-column elementor-element elementor-element-91d3a66\" data-id=\"91d3a66\" data-element_type=\"column\">\n\t\t\t<div class=\"elementor-widget-wrap elementor-element-populated\">\n\t\t\t\t\t\t<div class=\"elementor-element elementor-element-506d83b elementor-widget elementor-widget-text-editor\" data-id=\"506d83b\" data-element_type=\"widget\" data-widget_type=\"text-editor.default\">\n\t\t\t\t<div class=\"elementor-widget-container\">\n\t\t\t\t\t\t\t<ul><li><a href=\"https:\/\/www.quickfds.com\/fds\/2127866-48937-09403-011142\" target=\"_blank\" rel=\"noopener nofollow\">kleurloos<\/a><\/li><li><a href=\"https:\/\/www.quickfds.com\/fds\/6147866-48937-09403-017877\" target=\"_blank\" rel=\"noopener nofollow\">licht eik<\/a><\/li><li><a href=\"https:\/\/www.quickfds.com\/fds\/7117866-48938-09403-010604\" target=\"_blank\" rel=\"noopener nofollow\">midden eik<\/a><\/li><li><a href=\"https:\/\/www.quickfds.com\/fds\/2187866-48937-09403-012506\" target=\"_blank\" rel=\"noopener nofollow\">donkere eik<\/a><\/li><li><a href=\"https:\/\/www.quickfds.com\/fds\/5167866-48937-09403-016511\" target=\"_blank\" rel=\"noopener nofollow\">noorse den<\/a><\/li><li><a href=\"https:\/\/www.quickfds.com\/fds\/4107866-48937-09403-019369\" target=\"_blank\" rel=\"noopener nofollow\">teak<\/a><\/li><li><a href=\"https:\/\/www.quickfds.com\/fds\/2127866-48937-09403-013858\" target=\"_blank\" rel=\"noopener nofollow\">mahonie<\/a><\/li><li><a href=\"https:\/\/www.quickfds.com\/fds\/3177866-48937-09403-015134\" target=\"_blank\" rel=\"noopener nofollow\">notelaar<\/a><\/li><\/ul>\t\t\t\t\t\t<\/div>\n\t\t\t\t<\/div>\n\t\t\t\t\t<\/div>\n\t\t<\/div>\n\t\t\t\t<div class=\"elementor-column elementor-col-25 elementor-top-column elementor-element elementor-element-e16cebb\" data-id=\"e16cebb\" data-element_type=\"column\">\n\t\t\t<div class=\"elementor-widget-wrap elementor-element-populated\">\n\t\t\t\t\t\t<div class=\"elementor-element elementor-element-8f151bb elementor-widget elementor-widget-text-editor\" data-id=\"8f151bb\" data-element_type=\"widget\" data-widget_type=\"text-editor.default\">\n\t\t\t\t<div class=\"elementor-widget-container\">\n\t\t\t\t\t\t\t<ul><li><a href=\"https:\/\/www.quickfds.com\/fds\/1198131-48067-27481-010891\" target=\"_blank\" rel=\"noopener nofollow\">kleurloos<\/a><\/li><li><a href=\"https:\/\/www.quickfds.com\/fds\/9108131-48068-27481-014934\" target=\"_blank\" rel=\"noopener nofollow\">licht eik<\/a><\/li><li><a href=\"https:\/\/www.quickfds.com\/fds\/5158131-48068-27481-010728\" target=\"_blank\" rel=\"noopener nofollow\">midden eik<\/a><\/li><li><a href=\"https:\/\/www.quickfds.com\/fds\/6148131-48067-27481-019957\" target=\"_blank\" rel=\"noopener nofollow\">donkere eik<\/a><\/li><li><a href=\"https:\/\/www.quickfds.com\/fds\/1188131-48068-27481-013892\" target=\"_blank\" rel=\"noopener nofollow\">noorse den<\/a><\/li><li><a href=\"https:\/\/www.quickfds.com\/fds\/6188131-48068-27481-016173\" target=\"_blank\" rel=\"noopener nofollow\">teak<\/a><\/li><li><a href=\"https:\/\/www.quickfds.com\/fds\/5188131-48068-27481-011022\" target=\"_blank\" rel=\"noopener nofollow\">mahonie<\/a><\/li><li><a href=\"https:\/\/www.quickfds.com\/fds\/8178131-48068-27481-012797\" target=\"_blank\" rel=\"noopener nofollow\">notelaar<\/a><\/li><\/ul>\t\t\t\t\t\t<\/div>\n\t\t\t\t<\/div>\n\t\t\t\t\t<\/div>\n\t\t<\/div>\n\t\t\t\t\t<\/div>\n\t\t<\/section>\n\t\t\t\t<\/div>\n\t\t","protected":false},"excerpt":{"rendered":"<p>De veiligheidsinformatiebladen worden continu bijgewerkt met de meest actuele informatie. Ze zijn beschikbaar voor elk formaat en kleur. De versie en datum van de laatste update worden in de rechterbovenhoek van elke pagina weergegeven. De downloaddatum wordt automatisch toegevoegd in de linkerbenedenhoek van elke pagina. Deze datum getuigt van de geldigheid van de informatie ten [&hellip;]<\/p>\n","protected":false},"author":4,"featured_media":0,"parent":0,"menu_order":0,"comment_status":"closed","ping_status":"closed","template":"","meta":{"pgc_meta":"","rank_math_lock_modified_date":false,"footnotes":""},"acf":[],"pgc_meta":"","_links":{"self":[{"href":"https:\/\/www.v33.be\/nl\/wp-json\/wp\/v2\/pages\/3579"}],"collection":[{"href":"https:\/\/www.v33.be\/nl\/wp-json\/wp\/v2\/pages"}],"about":[{"href":"https:\/\/www.v33.be\/nl\/wp-json\/wp\/v2\/types\/page"}],"author":[{"embeddable":true,"href":"https:\/\/www.v33.be\/nl\/wp-json\/wp\/v2\/users\/4"}],"replies":[{"embeddable":true,"href":"https:\/\/www.v33.be\/nl\/wp-json\/wp\/v2\/comments?post=3579"}],"version-history":[{"count":0,"href":"https:\/\/www.v33.be\/nl\/wp-json\/wp\/v2\/pages\/3579\/revisions"}],"wp:attachment":[{"href":"https:\/\/www.v33.be\/nl\/wp-json\/wp\/v2\/media?parent=3579"}],"curies":[{"name":"wp","href":"https:\/\/api.w.org\/{rel}","templated":true}]}}