{"id":3573,"date":"2019-10-23T11:17:22","date_gmt":"2019-10-23T09:17:22","guid":{"rendered":"https:\/\/test.v33.be\/?page_id=3573"},"modified":"2023-01-18T16:23:55","modified_gmt":"2023-01-18T15:23:55","slug":"veiligheidsfiche-houtbeits-deuren-ramen-eco-protection","status":"publish","type":"page","link":"https:\/\/www.v33.be\/nl\/veiligheidsfiche-houtbeits-deuren-ramen-eco-protection\/","title":{"rendered":"Veiligheidsfiches Houtbeits Deuren &#038; Ramen Eco Protection"},"content":{"rendered":"\t\t<div data-elementor-type=\"wp-page\" data-elementor-id=\"3573\" class=\"elementor elementor-3573 elementor-3571\">\n\t\t\t\t\t\t<section class=\"elementor-section elementor-top-section elementor-element elementor-element-227d7ef6 elementor-section-boxed elementor-section-height-default elementor-section-height-default\" data-id=\"227d7ef6\" data-element_type=\"section\">\n\t\t\t\t\t\t<div class=\"elementor-container elementor-column-gap-default\">\n\t\t\t\t\t<div class=\"elementor-column elementor-col-100 elementor-top-column elementor-element elementor-element-7603312\" data-id=\"7603312\" data-element_type=\"column\">\n\t\t\t<div class=\"elementor-widget-wrap\">\n\t\t\t\t\t\t\t<\/div>\n\t\t<\/div>\n\t\t\t\t\t<\/div>\n\t\t<\/section>\n\t\t\t\t<section class=\"elementor-section elementor-top-section elementor-element elementor-element-83a46d7 elementor-section-boxed elementor-section-height-default elementor-section-height-default\" data-id=\"83a46d7\" data-element_type=\"section\">\n\t\t\t\t\t\t<div class=\"elementor-container elementor-column-gap-default\">\n\t\t\t\t\t<div class=\"elementor-column elementor-col-50 elementor-top-column elementor-element elementor-element-6c8ec97\" data-id=\"6c8ec97\" data-element_type=\"column\">\n\t\t\t<div class=\"elementor-widget-wrap elementor-element-populated\">\n\t\t\t\t\t\t<div class=\"elementor-element elementor-element-deae901 elementor-widget elementor-widget-image\" data-id=\"deae901\" data-element_type=\"widget\" data-widget_type=\"image.default\">\n\t\t\t\t<div class=\"elementor-widget-container\">\n\t\t\t\t\t\t\t\t\t\t\t\t\t<img fetchpriority=\"high\" decoding=\"async\" width=\"300\" height=\"300\" src=\"https:\/\/www.v33.be\/wp-content\/uploads\/2018\/09\/G\u00e9n\u00e9rique-Lasures-Portes-Ch\u00e2ssis-eco-protection-075L-300x300.png\" class=\"attachment-medium size-medium wp-image-1191\" alt=\"\" srcset=\"https:\/\/www.v33.be\/wp-content\/uploads\/2018\/09\/G\u00e9n\u00e9rique-Lasures-Portes-Ch\u00e2ssis-eco-protection-075L-300x300.png 300w, https:\/\/www.v33.be\/wp-content\/uploads\/2018\/09\/G\u00e9n\u00e9rique-Lasures-Portes-Ch\u00e2ssis-eco-protection-075L-150x150.png 150w, https:\/\/www.v33.be\/wp-content\/uploads\/2018\/09\/G\u00e9n\u00e9rique-Lasures-Portes-Ch\u00e2ssis-eco-protection-075L-768x768.png 768w, https:\/\/www.v33.be\/wp-content\/uploads\/2018\/09\/G\u00e9n\u00e9rique-Lasures-Portes-Ch\u00e2ssis-eco-protection-075L-60x60.png 60w, https:\/\/www.v33.be\/wp-content\/uploads\/2018\/09\/G\u00e9n\u00e9rique-Lasures-Portes-Ch\u00e2ssis-eco-protection-075L-40x40.png 40w, https:\/\/www.v33.be\/wp-content\/uploads\/2018\/09\/G\u00e9n\u00e9rique-Lasures-Portes-Ch\u00e2ssis-eco-protection-075L-48x48.png 48w, https:\/\/www.v33.be\/wp-content\/uploads\/2018\/09\/G\u00e9n\u00e9rique-Lasures-Portes-Ch\u00e2ssis-eco-protection-075L-250x250.png 250w, https:\/\/www.v33.be\/wp-content\/uploads\/2018\/09\/G\u00e9n\u00e9rique-Lasures-Portes-Ch\u00e2ssis-eco-protection-075L-550x550.png 550w, https:\/\/www.v33.be\/wp-content\/uploads\/2018\/09\/G\u00e9n\u00e9rique-Lasures-Portes-Ch\u00e2ssis-eco-protection-075L.png 800w, https:\/\/www.v33.be\/wp-content\/uploads\/2018\/09\/G\u00e9n\u00e9rique-Lasures-Portes-Ch\u00e2ssis-eco-protection-075L-180x180.png 180w, https:\/\/www.v33.be\/wp-content\/uploads\/2018\/09\/G\u00e9n\u00e9rique-Lasures-Portes-Ch\u00e2ssis-eco-protection-075L-500x500.png 500w\" sizes=\"(max-width: 300px) 100vw, 300px\" \/>\t\t\t\t\t\t\t\t\t\t\t\t\t<\/div>\n\t\t\t\t<\/div>\n\t\t\t\t\t<\/div>\n\t\t<\/div>\n\t\t\t\t<div class=\"elementor-column elementor-col-50 elementor-top-column elementor-element elementor-element-53b03b7\" data-id=\"53b03b7\" data-element_type=\"column\">\n\t\t\t<div class=\"elementor-widget-wrap elementor-element-populated\">\n\t\t\t\t\t\t<div class=\"elementor-element elementor-element-2a41fde elementor-widget elementor-widget-spacer\" data-id=\"2a41fde\" data-element_type=\"widget\" data-widget_type=\"spacer.default\">\n\t\t\t\t<div class=\"elementor-widget-container\">\n\t\t\t\t\t<div class=\"elementor-spacer\">\n\t\t\t<div class=\"elementor-spacer-inner\"><\/div>\n\t\t<\/div>\n\t\t\t\t<\/div>\n\t\t\t\t<\/div>\n\t\t\t\t<div class=\"elementor-element elementor-element-03415ab elementor-widget elementor-widget-text-editor\" data-id=\"03415ab\" data-element_type=\"widget\" data-widget_type=\"text-editor.default\">\n\t\t\t\t<div class=\"elementor-widget-container\">\n\t\t\t\t\t\t\t<p><em>De veiligheidsinformatiebladen worden continu bijgewerkt met de meest actuele informatie. Ze zijn beschikbaar voor elk formaat en kleur.<\/em><em><br \/><\/em><em>De versie en datum van de laatste update worden in de rechterbovenhoek van elke pagina weergegeven.<\/em><em><br \/><\/em><em>De downloaddatum wordt automatisch toegevoegd in de linkerbenedenhoek van elke pagina. Deze datum getuigt van de geldigheid van de informatie ten tijde van uw consultatie<\/em><\/p>\t\t\t\t\t\t<\/div>\n\t\t\t\t<\/div>\n\t\t\t\t\t<\/div>\n\t\t<\/div>\n\t\t\t\t\t<\/div>\n\t\t<\/section>\n\t\t\t\t<section class=\"elementor-section elementor-top-section elementor-element elementor-element-8280752 elementor-section-boxed elementor-section-height-default elementor-section-height-default\" data-id=\"8280752\" data-element_type=\"section\">\n\t\t\t\t\t\t<div class=\"elementor-container elementor-column-gap-default\">\n\t\t\t\t\t<div class=\"elementor-column elementor-col-25 elementor-top-column elementor-element elementor-element-d4bc483\" data-id=\"d4bc483\" data-element_type=\"column\">\n\t\t\t<div class=\"elementor-widget-wrap\">\n\t\t\t\t\t\t\t<\/div>\n\t\t<\/div>\n\t\t\t\t<div class=\"elementor-column elementor-col-25 elementor-top-column elementor-element elementor-element-ab1919f\" data-id=\"ab1919f\" data-element_type=\"column\">\n\t\t\t<div class=\"elementor-widget-wrap elementor-element-populated\">\n\t\t\t\t\t\t<div class=\"elementor-element elementor-element-8d27b4a elementor-widget elementor-widget-heading\" data-id=\"8d27b4a\" data-element_type=\"widget\" data-widget_type=\"heading.default\">\n\t\t\t\t<div class=\"elementor-widget-container\">\n\t\t\t<h2 class=\"elementor-heading-title elementor-size-default\">NL<\/h2>\t\t<\/div>\n\t\t\t\t<\/div>\n\t\t\t\t\t<\/div>\n\t\t<\/div>\n\t\t\t\t<div class=\"elementor-column elementor-col-25 elementor-top-column elementor-element elementor-element-7feae40\" data-id=\"7feae40\" data-element_type=\"column\">\n\t\t\t<div class=\"elementor-widget-wrap elementor-element-populated\">\n\t\t\t\t\t\t<div class=\"elementor-element elementor-element-663a29e elementor-widget elementor-widget-heading\" data-id=\"663a29e\" data-element_type=\"widget\" data-widget_type=\"heading.default\">\n\t\t\t\t<div class=\"elementor-widget-container\">\n\t\t\t<h2 class=\"elementor-heading-title elementor-size-default\">FR<\/h2>\t\t<\/div>\n\t\t\t\t<\/div>\n\t\t\t\t\t<\/div>\n\t\t<\/div>\n\t\t\t\t<div class=\"elementor-column elementor-col-25 elementor-top-column elementor-element elementor-element-6e5b4f7\" data-id=\"6e5b4f7\" data-element_type=\"column\">\n\t\t\t<div class=\"elementor-widget-wrap elementor-element-populated\">\n\t\t\t\t\t\t<div class=\"elementor-element elementor-element-d327607 elementor-widget elementor-widget-heading\" data-id=\"d327607\" data-element_type=\"widget\" data-widget_type=\"heading.default\">\n\t\t\t\t<div class=\"elementor-widget-container\">\n\t\t\t<h2 class=\"elementor-heading-title elementor-size-default\">DE<\/h2>\t\t<\/div>\n\t\t\t\t<\/div>\n\t\t\t\t\t<\/div>\n\t\t<\/div>\n\t\t\t\t\t<\/div>\n\t\t<\/section>\n\t\t\t\t<section class=\"elementor-section elementor-top-section elementor-element elementor-element-d281fb9 elementor-section-boxed elementor-section-height-default elementor-section-height-default\" data-id=\"d281fb9\" data-element_type=\"section\">\n\t\t\t\t\t\t<div class=\"elementor-container elementor-column-gap-default\">\n\t\t\t\t\t<div class=\"elementor-column elementor-col-25 elementor-top-column elementor-element elementor-element-49710b4\" data-id=\"49710b4\" data-element_type=\"column\">\n\t\t\t<div class=\"elementor-widget-wrap elementor-element-populated\">\n\t\t\t\t\t\t<div class=\"elementor-element elementor-element-d5c648c elementor-widget elementor-widget-heading\" data-id=\"d5c648c\" data-element_type=\"widget\" data-widget_type=\"heading.default\">\n\t\t\t\t<div class=\"elementor-widget-container\">\n\t\t\t<h2 class=\"elementor-heading-title elementor-size-default\">0,75L<\/h2>\t\t<\/div>\n\t\t\t\t<\/div>\n\t\t\t\t\t<\/div>\n\t\t<\/div>\n\t\t\t\t<div class=\"elementor-column elementor-col-25 elementor-top-column elementor-element elementor-element-a2a60ad\" data-id=\"a2a60ad\" data-element_type=\"column\">\n\t\t\t<div class=\"elementor-widget-wrap elementor-element-populated\">\n\t\t\t\t\t\t<div class=\"elementor-element elementor-element-a9046a5 elementor-widget elementor-widget-text-editor\" data-id=\"a9046a5\" data-element_type=\"widget\" data-widget_type=\"text-editor.default\">\n\t\t\t\t<div class=\"elementor-widget-container\">\n\t\t\t\t\t\t\t<ul><li><a href=\"https:\/\/www.quickfds.com\/fds\/4107866-48996-09403-014903\" target=\"_blank\" rel=\"noopener nofollow\">naturel<\/a><\/li><li><a href=\"https:\/\/www.quickfds.com\/fds\/5147866-48996-09403-017281\" target=\"_blank\" rel=\"noopener nofollow\">lichte eik<\/a><\/li><li><a href=\"https:\/\/www.quickfds.com\/fds\/9107866-48996-09403-019855\" target=\"_blank\" rel=\"noopener nofollow\">midden eik<\/a><\/li><li><a href=\"https:\/\/www.quickfds.com\/fds\/5107866-48997-09403-010243\" target=\"_blank\" rel=\"noopener nofollow\">donkere eik<\/a><\/li><li><a href=\"https:\/\/www.quickfds.com\/fds\/7127866-48997-09403-014869\" target=\"_blank\" rel=\"noopener nofollow\">teak<\/a><\/li><li><a href=\"https:\/\/www.quickfds.com\/fds\/5127866-48997-09403-017274\" target=\"_blank\" rel=\"noopener nofollow\">mahonie<\/a><\/li><li><a href=\"https:\/\/www.quickfds.com\/fds\/1197866-48997-09403-019666\" target=\"_blank\" rel=\"noopener nofollow\">klei<\/a><\/li><li><a href=\"https:\/\/www.quickfds.com\/fds\/6137866-48998-09403-011945\" target=\"_blank\" rel=\"noopener nofollow\">cacao<\/a><\/li><\/ul>\t\t\t\t\t\t<\/div>\n\t\t\t\t<\/div>\n\t\t\t\t\t<\/div>\n\t\t<\/div>\n\t\t\t\t<div class=\"elementor-column elementor-col-25 elementor-top-column elementor-element elementor-element-36bd75b\" data-id=\"36bd75b\" data-element_type=\"column\">\n\t\t\t<div class=\"elementor-widget-wrap elementor-element-populated\">\n\t\t\t\t\t\t<div class=\"elementor-element elementor-element-0fb8780 elementor-widget elementor-widget-text-editor\" data-id=\"0fb8780\" data-element_type=\"widget\" data-widget_type=\"text-editor.default\">\n\t\t\t\t<div class=\"elementor-widget-container\">\n\t\t\t\t\t\t\t<ul><li><a href=\"https:\/\/www.quickfds.com\/fds\/8127866-48950-09403-013562\" target=\"_blank\" rel=\"noopener nofollow\">naturel<\/a><\/li><li><a href=\"https:\/\/www.quickfds.com\/fds\/2107866-48950-09403-015228\" target=\"_blank\" rel=\"noopener nofollow\">lichte eik<\/a><\/li><li><a href=\"https:\/\/www.quickfds.com\/fds\/5127866-48950-09403-017024\" target=\"_blank\" rel=\"noopener nofollow\">midden eik<\/a><\/li><li><a href=\"https:\/\/www.quickfds.com\/fds\/7177866-48950-09403-018795\" target=\"_blank\" rel=\"noopener nofollow\">donkere eik<\/a><\/li><li><a href=\"https:\/\/www.quickfds.com\/fds\/4197866-48951-09403-010808\" target=\"_blank\" rel=\"noopener nofollow\">teak<\/a><\/li><li><a href=\"https:\/\/www.quickfds.com\/fds\/8167866-48951-09403-012882\" target=\"_blank\" rel=\"noopener nofollow\">mahonie<\/a><\/li><li><a href=\"https:\/\/www.quickfds.com\/fds\/7137866-48951-09403-014906\" target=\"_blank\" rel=\"noopener nofollow\">klei<\/a><\/li><li><a href=\"https:\/\/www.quickfds.com\/fds\/7117866-48951-09403-016747\" target=\"_blank\" rel=\"noopener nofollow\">cacao<\/a><\/li><\/ul>\t\t\t\t\t\t<\/div>\n\t\t\t\t<\/div>\n\t\t\t\t\t<\/div>\n\t\t<\/div>\n\t\t\t\t<div class=\"elementor-column elementor-col-25 elementor-top-column elementor-element elementor-element-28d2517\" data-id=\"28d2517\" data-element_type=\"column\">\n\t\t\t<div class=\"elementor-widget-wrap elementor-element-populated\">\n\t\t\t\t\t\t<div class=\"elementor-element elementor-element-49dca78 elementor-widget elementor-widget-text-editor\" data-id=\"49dca78\" data-element_type=\"widget\" data-widget_type=\"text-editor.default\">\n\t\t\t\t<div class=\"elementor-widget-container\">\n\t\t\t\t\t\t\t<ul><li><a href=\"https:\/\/www.quickfds.com\/fds\/9128131-48082-27481-019134\" target=\"_blank\" rel=\"noopener nofollow\">naturel<\/a><\/li><li><a href=\"https:\/\/www.quickfds.com\/fds\/6118131-48083-27481-010562\" target=\"_blank\" rel=\"noopener nofollow\">lichte eik<\/a><\/li><li><a href=\"https:\/\/www.quickfds.com\/fds\/9118131-48083-27481-012047\" target=\"_blank\" rel=\"noopener nofollow\">midden eik<\/a><\/li><li><a href=\"https:\/\/www.quickfds.com\/fds\/3168131-48083-27481-013447\" target=\"_blank\" rel=\"noopener nofollow\">donkere eik<\/a><\/li><li><a href=\"https:\/\/www.quickfds.com\/fds\/9138131-48083-27481-014862\" target=\"_blank\" rel=\"noopener nofollow\">teak<\/a><\/li><li><a href=\"https:\/\/www.quickfds.com\/fds\/6108131-48083-27481-016284\" target=\"_blank\" rel=\"noopener nofollow\">mahonie<\/a><\/li><li><a href=\"https:\/\/www.quickfds.com\/fds\/2108131-48083-27481-018457\" target=\"_blank\" rel=\"noopener nofollow\">klei<\/a><\/li><li><a href=\"https:\/\/www.quickfds.com\/fds\/5148131-48084-27481-010065\" target=\"_blank\" rel=\"noopener nofollow\">cacao<\/a><\/li><\/ul>\t\t\t\t\t\t<\/div>\n\t\t\t\t<\/div>\n\t\t\t\t\t<\/div>\n\t\t<\/div>\n\t\t\t\t\t<\/div>\n\t\t<\/section>\n\t\t\t\t<section class=\"elementor-section elementor-top-section elementor-element elementor-element-18c9a3b elementor-section-boxed elementor-section-height-default elementor-section-height-default\" data-id=\"18c9a3b\" data-element_type=\"section\">\n\t\t\t\t\t\t<div class=\"elementor-container elementor-column-gap-default\">\n\t\t\t\t\t<div class=\"elementor-column elementor-col-25 elementor-top-column elementor-element elementor-element-26a2e3b\" data-id=\"26a2e3b\" data-element_type=\"column\">\n\t\t\t<div class=\"elementor-widget-wrap elementor-element-populated\">\n\t\t\t\t\t\t<div class=\"elementor-element elementor-element-5079cca elementor-widget elementor-widget-heading\" data-id=\"5079cca\" data-element_type=\"widget\" data-widget_type=\"heading.default\">\n\t\t\t\t<div class=\"elementor-widget-container\">\n\t\t\t<h2 class=\"elementor-heading-title elementor-size-default\">2,5L<\/h2>\t\t<\/div>\n\t\t\t\t<\/div>\n\t\t\t\t\t<\/div>\n\t\t<\/div>\n\t\t\t\t<div class=\"elementor-column elementor-col-25 elementor-top-column elementor-element elementor-element-c68d946\" data-id=\"c68d946\" data-element_type=\"column\">\n\t\t\t<div class=\"elementor-widget-wrap elementor-element-populated\">\n\t\t\t\t\t\t<div class=\"elementor-element elementor-element-a245c4b elementor-widget elementor-widget-text-editor\" data-id=\"a245c4b\" data-element_type=\"widget\" data-widget_type=\"text-editor.default\">\n\t\t\t\t<div class=\"elementor-widget-container\">\n\t\t\t\t\t\t\t<ul style=\"letter-spacing: 0.7px;\"><li><a href=\"https:\/\/www.quickfds.com\/fds\/3117866-48996-09403-013863\" target=\"_blank\" rel=\"noopener nofollow\">naturel<\/a><\/li><li><a href=\"https:\/\/www.quickfds.com\/fds\/7107866-48996-09403-016133\" target=\"_blank\" rel=\"noopener nofollow\">lichte eik<\/a><\/li><li><a href=\"https:\/\/www.quickfds.com\/fds\/3187866-48996-09403-018623\" target=\"_blank\" rel=\"noopener nofollow\">midden eik<\/a><\/li><li><a style=\"outline: 0px;\" href=\"https:\/\/www.quickfds.com\/fds\/4117866-48997-09403-011055\" target=\"_blank\" rel=\"noopener nofollow\">donkere eik<\/a><\/li><li><a href=\"https:\/\/www.quickfds.com\/fds\/2167866-48997-09403-013659\" target=\"_blank\" rel=\"noopener nofollow\">teak<\/a><\/li><li><a href=\"https:\/\/www.quickfds.com\/fds\/3157866-48997-09403-015996\" target=\"_blank\" rel=\"noopener nofollow\">mahonie<\/a><\/li><li><a href=\"https:\/\/www.quickfds.com\/fds\/2127866-48997-09403-018505\" target=\"_blank\" rel=\"noopener nofollow\">klei<\/a><\/li><li><a href=\"https:\/\/www.quickfds.com\/fds\/4177866-48998-09403-010765\" target=\"_blank\" rel=\"noopener nofollow\">cacao<\/a><\/li><\/ul>\t\t\t\t\t\t<\/div>\n\t\t\t\t<\/div>\n\t\t\t\t\t<\/div>\n\t\t<\/div>\n\t\t\t\t<div class=\"elementor-column elementor-col-25 elementor-top-column elementor-element elementor-element-041849c\" data-id=\"041849c\" data-element_type=\"column\">\n\t\t\t<div class=\"elementor-widget-wrap elementor-element-populated\">\n\t\t\t\t\t\t<div class=\"elementor-element elementor-element-832f785 elementor-widget elementor-widget-text-editor\" data-id=\"832f785\" data-element_type=\"widget\" data-widget_type=\"text-editor.default\">\n\t\t\t\t<div class=\"elementor-widget-container\">\n\t\t\t\t\t\t\t<ul><li><a href=\"https:\/\/www.quickfds.com\/fds\/2197866-48950-09403-012733\" target=\"_blank\" rel=\"noopener nofollow\">naturel<\/a><\/li><li><a href=\"https:\/\/www.quickfds.com\/fds\/1197866-48950-09403-014372\" target=\"_blank\" rel=\"noopener nofollow\">lichte eik<\/a><\/li><li><a href=\"https:\/\/www.quickfds.com\/fds\/7177866-48950-09403-016079\" target=\"_blank\" rel=\"noopener nofollow\">midden eik<\/a><\/li><li><a href=\"https:\/\/www.quickfds.com\/fds\/2147866-48950-09403-017869\" target=\"_blank\" rel=\"noopener nofollow\">donkere eik<\/a><\/li><li><a href=\"https:\/\/www.quickfds.com\/fds\/7197866-48950-09403-019767\" target=\"_blank\" rel=\"noopener nofollow\">teak<\/a><\/li><li><a href=\"https:\/\/www.quickfds.com\/fds\/1167866-48951-09403-011745\" target=\"_blank\" rel=\"noopener nofollow\">mahonie<\/a><\/li><li><a href=\"https:\/\/www.quickfds.com\/fds\/2127866-48951-09403-010393\" target=\"_blank\" rel=\"noopener nofollow\">klei<\/a><\/li><li><a href=\"https:\/\/www.quickfds.com\/fds\/4137866-48951-09403-015846\" target=\"_blank\" rel=\"noopener nofollow\">cacao<\/a><\/li><\/ul>\t\t\t\t\t\t<\/div>\n\t\t\t\t<\/div>\n\t\t\t\t\t<\/div>\n\t\t<\/div>\n\t\t\t\t<div class=\"elementor-column elementor-col-25 elementor-top-column elementor-element elementor-element-c7c1f40\" data-id=\"c7c1f40\" data-element_type=\"column\">\n\t\t\t<div class=\"elementor-widget-wrap elementor-element-populated\">\n\t\t\t\t\t\t<div class=\"elementor-element elementor-element-aa4eb2c elementor-widget elementor-widget-text-editor\" data-id=\"aa4eb2c\" data-element_type=\"widget\" data-widget_type=\"text-editor.default\">\n\t\t\t\t<div class=\"elementor-widget-container\">\n\t\t\t\t\t\t\t<ul><li><a href=\"https:\/\/www.quickfds.com\/fds\/8198131-48082-27481-018161\" target=\"_blank\" rel=\"noopener nofollow\">naturel<\/a><\/li><li><a href=\"https:\/\/www.quickfds.com\/fds\/1108131-48082-27481-019916\" target=\"_blank\" rel=\"noopener nofollow\">lichte eik<\/a><\/li><li><a href=\"https:\/\/www.quickfds.com\/fds\/4168131-48083-27481-011323\" target=\"_blank\" rel=\"noopener nofollow\">midden eik<\/a><\/li><li><a href=\"https:\/\/www.quickfds.com\/fds\/4118131-48083-27481-012773\" target=\"_blank\" rel=\"noopener nofollow\">donkere eik<\/a><\/li><li><a href=\"https:\/\/www.quickfds.com\/fds\/2168131-48083-27481-014116\" target=\"_blank\" rel=\"noopener nofollow\">teak<\/a><\/li><li><a href=\"https:\/\/www.quickfds.com\/fds\/5198131-48083-27481-015604\" target=\"_blank\" rel=\"noopener nofollow\">mahonie<\/a><\/li><li><a href=\"https:\/\/www.quickfds.com\/fds\/3108131-48083-27481-017682\" target=\"_blank\" rel=\"noopener nofollow\">klei<\/a><\/li><li><a href=\"https:\/\/www.quickfds.com\/fds\/3148131-48083-27481-019265\" target=\"_blank\" rel=\"noopener nofollow\">cacao<\/a><\/li><\/ul>\t\t\t\t\t\t<\/div>\n\t\t\t\t<\/div>\n\t\t\t\t\t<\/div>\n\t\t<\/div>\n\t\t\t\t\t<\/div>\n\t\t<\/section>\n\t\t\t\t<\/div>\n\t\t","protected":false},"excerpt":{"rendered":"<p>De veiligheidsinformatiebladen worden continu bijgewerkt met de meest actuele informatie. Ze zijn beschikbaar voor elk formaat en kleur. De versie en datum van de laatste update worden in de rechterbovenhoek van elke pagina weergegeven. De downloaddatum wordt automatisch toegevoegd in de linkerbenedenhoek van elke pagina. Deze datum getuigt van de geldigheid van de informatie ten [&hellip;]<\/p>\n","protected":false},"author":4,"featured_media":0,"parent":0,"menu_order":0,"comment_status":"closed","ping_status":"closed","template":"","meta":{"pgc_meta":"","rank_math_lock_modified_date":false,"footnotes":""},"acf":[],"pgc_meta":"","_links":{"self":[{"href":"https:\/\/www.v33.be\/nl\/wp-json\/wp\/v2\/pages\/3573"}],"collection":[{"href":"https:\/\/www.v33.be\/nl\/wp-json\/wp\/v2\/pages"}],"about":[{"href":"https:\/\/www.v33.be\/nl\/wp-json\/wp\/v2\/types\/page"}],"author":[{"embeddable":true,"href":"https:\/\/www.v33.be\/nl\/wp-json\/wp\/v2\/users\/4"}],"replies":[{"embeddable":true,"href":"https:\/\/www.v33.be\/nl\/wp-json\/wp\/v2\/comments?post=3573"}],"version-history":[{"count":0,"href":"https:\/\/www.v33.be\/nl\/wp-json\/wp\/v2\/pages\/3573\/revisions"}],"wp:attachment":[{"href":"https:\/\/www.v33.be\/nl\/wp-json\/wp\/v2\/media?parent=3573"}],"curies":[{"name":"wp","href":"https:\/\/api.w.org\/{rel}","templated":true}]}}